{"id":8532,"date":"2025-04-10T13:14:42","date_gmt":"2025-04-10T12:14:42","guid":{"rendered":"https:\/\/aebarcelona.eu\/?page_id=8532"},"modified":"2025-10-19T10:18:49","modified_gmt":"2025-10-19T09:18:49","slug":"fifth-edition-2024-2","status":"publish","type":"page","link":"https:\/\/aebarcelona.eu\/en\/barcelona-hypatia-european-science-prize\/fifth-edition-2024-2\/","title":{"rendered":"Fifth Edition (2024)"},"content":{"rendered":"<p>[et_pb_section fb_built=&#8221;1&#8243; admin_label=&#8221;Services&#8221; _builder_version=&#8221;4.16&#8243; custom_padding=&#8221;90px||45px|||&#8221; locked=&#8221;off&#8221; global_colors_info=&#8221;{}&#8221;][et_pb_row _builder_version=&#8221;4.16&#8243; background_size=&#8221;initial&#8221; background_position=&#8221;top_left&#8221; background_repeat=&#8221;repeat&#8221; custom_width_px=&#8221;710px&#8221; global_colors_info=&#8221;{}&#8221;][et_pb_column type=&#8221;4_4&#8243; _builder_version=&#8221;4.16&#8243; background_position=&#8221;top_left&#8221; custom_padding=&#8221;|||&#8221; global_colors_info=&#8221;{}&#8221; custom_padding__hover=&#8221;|||&#8221;][et_pb_divider color=&#8221;#4e5ed0&#8243; divider_weight=&#8221;3px&#8221; disabled_on=&#8221;off|off|off&#8221; _builder_version=&#8221;4.16&#8243; background_color_gradient_direction=&#8221;90deg&#8221; max_width=&#8221;100px&#8221; module_alignment=&#8221;center&#8221; height=&#8221;5px&#8221; custom_margin=&#8221;||20px|&#8221; custom_padding=&#8221;||20px|&#8221; animation_style=&#8221;slide&#8221; animation_direction=&#8221;bottom&#8221; saved_tabs=&#8221;all&#8221; locked=&#8221;off&#8221; global_colors_info=&#8221;{}&#8221;][\/et_pb_divider][et_pb_text _builder_version=&#8221;4.27.4&#8243; _module_preset=&#8221;default&#8221; text_text_color=&#8221;#000000&#8243; text_font_size=&#8221;39px&#8221; header_font=&#8221;|700|||||||&#8221; header_text_align=&#8221;center&#8221; header_text_color=&#8221;#000000&#8243; header_font_size=&#8221;40px&#8221; global_colors_info=&#8221;{}&#8221;]<\/p>\n<h1 class=\"art-postheader entry-title\">Fifth Edition (2024)<\/h1>\n<p>[\/et_pb_text][et_pb_text admin_label=&#8221;Services Section Subtitle&#8221; _builder_version=&#8221;4.21.0&#8243; text_font_size=&#8221;16px&#8221; text_line_height=&#8221;1.9em&#8221; header_2_text_color=&#8221;#000000&#8243; header_2_line_height=&#8221;1.6em&#8221; background_size=&#8221;initial&#8221; background_position=&#8221;top_left&#8221; background_repeat=&#8221;repeat&#8221; text_orientation=&#8221;center&#8221; max_width=&#8221;850px&#8221; module_alignment=&#8221;center&#8221; custom_margin=&#8221;|||0px|false|false&#8221; custom_padding=&#8221;|||0px||&#8221; animation_style=&#8221;fold&#8221; animation_direction=&#8221;bottom&#8221; animation_intensity_fold=&#8221;20%&#8221; global_colors_info=&#8221;{}&#8221;]<\/p>\n<h2>BARCELONA HYPATIA EUROPEAN SCIENCE PRIZE<\/h2>\n<p>Awarded by the Barcelona City Council in collaboration with the Academia Europaea-Barcelona Knowledge Hub<\/p>\n<p>[\/et_pb_text][\/et_pb_column][\/et_pb_row][et_pb_row _builder_version=&#8221;4.21.0&#8243; _module_preset=&#8221;default&#8221; width=&#8221;85%&#8221; height=&#8221;510px&#8221; global_colors_info=&#8221;{}&#8221;][et_pb_column type=&#8221;4_4&#8243; _builder_version=&#8221;4.21.0&#8243; _module_preset=&#8221;default&#8221; global_colors_info=&#8221;{}&#8221;][et_pb_gallery gallery_ids=&#8221;8517,8509,8492,8488,8486,8482,8494,8459,8498,8537,8539,8541,8543&#8243; fullwidth=&#8221;on&#8221; _builder_version=&#8221;4.27.4&#8243; _module_preset=&#8221;default&#8221; width=&#8221;53%&#8221; module_alignment=&#8221;center&#8221; height=&#8221;473px&#8221; max_height=&#8221;1000px&#8221; global_colors_info=&#8221;{}&#8221;][\/et_pb_gallery][\/et_pb_column][\/et_pb_row][\/et_pb_section][et_pb_section fb_built=&#8221;1&#8243; disabled_on=&#8221;off|off|off&#8221; admin_label=&#8221;Email Subscribe&#8221; _builder_version=&#8221;4.16&#8243; use_background_color_gradient=&#8221;on&#8221; background_color_gradient_stops=&#8221;rgba(76,72,227,0.96) 0%|rgba(73,108,220,0.93) 100%&#8221; background_color_gradient_start=&#8221;rgba(76,72,227,0.96)&#8221; background_color_gradient_end=&#8221;rgba(73,108,220,0.93)&#8221; custom_padding=&#8221;46px||45px|||&#8221; animation_style=&#8221;fold&#8221; animation_direction=&#8221;bottom&#8221; animation_intensity_fold=&#8221;4%&#8221; global_colors_info=&#8221;{}&#8221;][et_pb_row _builder_version=&#8221;4.16&#8243; background_size=&#8221;initial&#8221; background_position=&#8221;top_left&#8221; background_repeat=&#8221;repeat&#8221; custom_width_px=&#8221;710px&#8221; global_colors_info=&#8221;{}&#8221;][et_pb_column type=&#8221;4_4&#8243; _builder_version=&#8221;4.16&#8243; background_position=&#8221;top_left&#8221; custom_padding=&#8221;|||&#8221; global_colors_info=&#8221;{}&#8221; custom_padding__hover=&#8221;|||&#8221;][et_pb_divider color=&#8221;#ffffff&#8221; divider_weight=&#8221;3px&#8221; disabled_on=&#8221;off|off|off&#8221; _builder_version=&#8221;4.16&#8243; background_color_gradient_direction=&#8221;90deg&#8221; max_width=&#8221;100px&#8221; module_alignment=&#8221;center&#8221; height=&#8221;5px&#8221; custom_margin=&#8221;||20px|&#8221; custom_padding=&#8221;||20px|&#8221; animation_style=&#8221;slide&#8221; animation_direction=&#8221;bottom&#8221; saved_tabs=&#8221;all&#8221; locked=&#8221;off&#8221; global_colors_info=&#8221;{}&#8221;][\/et_pb_divider][et_pb_text _builder_version=&#8221;4.27.4&#8243; _module_preset=&#8221;default&#8221; header_text_color=&#8221;#FFFFFF&#8221; header_3_text_align=&#8221;left&#8221; header_3_text_color=&#8221;#FFFFFF&#8221; header_3_font_size=&#8221;35px&#8221; global_colors_info=&#8221;{}&#8221;]<\/p>\n<h3><strong>Swedish biologist and geneticist, Nobel Prize in Medicine in 2022, is the winner of the fifth Hypatia Prize in the Life and Health Sciences category .<\/strong><strong><\/strong><\/h3>\n<p>[\/et_pb_text][et_pb_text admin_label=&#8221;Request Section Subtitle&#8221; _builder_version=&#8221;4.27.4&#8243; text_font_size=&#8221;16px&#8221; text_line_height=&#8221;1.9em&#8221; background_size=&#8221;initial&#8221; background_position=&#8221;top_left&#8221; background_repeat=&#8221;repeat&#8221; text_orientation=&#8221;justified&#8221; background_layout=&#8221;dark&#8221; width=&#8221;100%&#8221; max_width=&#8221;100%&#8221; module_alignment=&#8221;center&#8221; custom_margin=&#8221;|||38px||&#8221; custom_padding=&#8221;|0px||5px||&#8221; animation_style=&#8221;fold&#8221; animation_direction=&#8221;bottom&#8221; animation_intensity_fold=&#8221;20%&#8221; hover_enabled=&#8221;0&#8243; global_colors_info=&#8221;{}&#8221; sticky_enabled=&#8221;0&#8243;]<\/p>\n<div class=\"vc_row wpb_row vc_row-fluid\">\n<div class=\"wpb_column vc_column_container vc_col-sm-9\">\n<div class=\"wpb_wrapper\">\n<div class=\"wpb_text_column wpb_content_element  vc_custom_1667296687250\">\n<div class=\"wpb_wrapper\">\n<p><a href=\"https:\/\/aebarcelona.eu\/wp-content\/uploads\/2024\/03\/Nuria_Oliver_ELLIS_alicante-scaled.jpg\"><\/a><a href=\"https:\/\/aebarcelona.eu\/wp-content\/uploads\/2025\/01\/FotoSvante.jpg\"><img loading=\"lazy\" decoding=\"async\" src=\"https:\/\/aebarcelona.eu\/wp-content\/uploads\/2025\/01\/FotoSvante-150x150.jpg\" width=\"150\" height=\"150\" alt=\"Foto guanyador\" class=\"wp-image-7902 aligncenter size-thumbnail\" style=\"float: left; padding-right:1em;\" \/><\/a><a href=\"https:\/\/aebarcelona.eu\/wp-content\/uploads\/2024\/03\/Nuria_Oliver_ELLIS_alicante-scaled.jpg\"><\/a> The Barcelona Hypatia European Science Prize in its fifth edition recognises Svante P\u00e4\u00e4bo.<\/p>\n<p>Launched by the Barcelona City Council in collaboration with the Academia Europaea-Barcelona Knowledge Hub (AE-BKH) within the framework of the Barcelona Science Plan, the Hypatia Prize seeks to project the city as a European capital of research and innovation. Its main goal is to spotlight science, as well as to promote, support and enhance the value of excellent research conducted in Europe and of its impact on society.<\/p>\n<p>The award was presented on 7th April 2025 at an event in the Sal\u00f3 de Cent of the Barcelona City Hall in which Svante P\u00e4\u00e4bo gave the lecture &#8220;Of Neandertals, Denivosans and Modern Humans\u201d in the company of Barcelona city officials, representatives from Barcelona\u2019s scientific community and Members of Academia Europaea (AE). You can enjoy the video recording of the event though this<span>\u00a0<\/span><a href=\"https:\/\/youtube.com\/live\/3D7Iq0tN85s?feature=share\" target=\"_blank\" rel=\"noopener\"><strong>LINK.<\/strong><\/a><\/p>\n<\/div>\n<\/div>\n<\/div>\n<\/div>\n<\/div>\n<p>[\/et_pb_text][\/et_pb_column][\/et_pb_row][\/et_pb_section][et_pb_section fb_built=&#8221;1&#8243; disabled_on=&#8221;off|off|off&#8221; _builder_version=&#8221;4.21.0&#8243; _module_preset=&#8221;default&#8221; global_colors_info=&#8221;{}&#8221;][et_pb_row _builder_version=&#8221;4.21.0&#8243; _module_preset=&#8221;default&#8221; global_colors_info=&#8221;{}&#8221;][et_pb_column type=&#8221;4_4&#8243; _builder_version=&#8221;4.21.0&#8243; _module_preset=&#8221;default&#8221; global_colors_info=&#8221;{}&#8221;][et_pb_divider color=&#8221;#4e5ed0&#8243; divider_weight=&#8221;3px&#8221; disabled_on=&#8221;off|off|off&#8221; _builder_version=&#8221;4.16&#8243; background_color_gradient_direction=&#8221;90deg&#8221; max_width=&#8221;100px&#8221; module_alignment=&#8221;center&#8221; height=&#8221;5px&#8221; custom_margin=&#8221;||20px|&#8221; custom_padding=&#8221;||20px|&#8221; animation_style=&#8221;slide&#8221; animation_direction=&#8221;bottom&#8221; saved_tabs=&#8221;all&#8221; locked=&#8221;off&#8221; global_colors_info=&#8221;{}&#8221;][\/et_pb_divider][et_pb_text _builder_version=&#8221;4.27.4&#8243; _module_preset=&#8221;default&#8221; header_3_text_align=&#8221;center&#8221; header_3_text_color=&#8221;#000000&#8243; header_3_font_size=&#8221;30px&#8221; global_colors_info=&#8221;{}&#8221;]<\/p>\n<h3><strong>Prize winner Svante P\u00e4\u00e4bo<\/strong><\/h3>\n<p>[\/et_pb_text][\/et_pb_column][\/et_pb_row][et_pb_row column_structure=&#8221;2_5,3_5&#8243; _builder_version=&#8221;4.21.0&#8243; _module_preset=&#8221;default&#8221; global_colors_info=&#8221;{}&#8221;][et_pb_column type=&#8221;2_5&#8243; _builder_version=&#8221;4.21.0&#8243; _module_preset=&#8221;default&#8221; global_colors_info=&#8221;{}&#8221;][et_pb_image src=&#8221;https:\/\/aebarcelona.eu\/wp-content\/uploads\/2025\/04\/Entregapremi.jpg&#8221; title_text=&#8221;Entregapremi&#8221; _builder_version=&#8221;4.27.4&#8243; _module_preset=&#8221;default&#8221; global_colors_info=&#8221;{}&#8221;][\/et_pb_image][\/et_pb_column][et_pb_column type=&#8221;3_5&#8243; _builder_version=&#8221;4.21.0&#8243; _module_preset=&#8221;default&#8221; global_colors_info=&#8221;{}&#8221;][et_pb_text _builder_version=&#8221;4.27.4&#8243; _module_preset=&#8221;default&#8221; global_colors_info=&#8221;{}&#8221;]<\/p>\n<p>In 2013, <strong>Svante P\u00e4\u00e4bo<\/strong> (Stockholm, 1955) managed to definitively sequence the genome of the Neanderthal, a relative of today&#8217;s humans that became extinct about 30,000 years ago. He also made the sensational discovery of a previously unknown hominid, the Denisovans. Their research also revealed the gene transfer from Neanderthals to modern humans after their migration out of Africa about 70,000 years ago. Thus, the current non-African populations have between 1 and 4% of the genome coming from the Neandetals. This ancient gene flow has physiological relevance today, for example, affecting how our immune system reacts to infections.<br \/>His seminal research gave rise to a completely new scientific discipline: Paleogenomics, that is, the study of ancient genomes, in some cases hundreds of thousands of years old. By revealing genetic differences that distinguish all living humans from extinct hominins, their discoveries have provided the basis for exploring what makes us uniquely human. P\u00e4\u00e4bo defended his doctoral thesis in 1986 at Uppsala University, Sweden, and was a postdoctoral researcher at the University of Zurich, Switzerland, and later at the University of California, Berkeley, USA. He returned to Europe first as a professor at the University of Munich, and in 1999 he joined as director of the Max Planck Institute for Evolutionary Anthropology in Leipzig, Germany, where he is still active.<\/p>\n<p>[\/et_pb_text][\/et_pb_column][\/et_pb_row][et_pb_row _builder_version=&#8221;4.21.0&#8243; _module_preset=&#8221;default&#8221; global_colors_info=&#8221;{}&#8221;][et_pb_column type=&#8221;4_4&#8243; _builder_version=&#8221;4.21.0&#8243; _module_preset=&#8221;default&#8221; global_colors_info=&#8221;{}&#8221;][et_pb_divider color=&#8221;#4e5ed0&#8243; divider_weight=&#8221;3px&#8221; disabled_on=&#8221;off|off|off&#8221; _builder_version=&#8221;4.16&#8243; background_color_gradient_direction=&#8221;90deg&#8221; max_width=&#8221;100px&#8221; module_alignment=&#8221;center&#8221; height=&#8221;5px&#8221; custom_margin=&#8221;||20px|&#8221; custom_padding=&#8221;||20px|&#8221; animation_style=&#8221;slide&#8221; animation_direction=&#8221;bottom&#8221; saved_tabs=&#8221;all&#8221; locked=&#8221;off&#8221; global_colors_info=&#8221;{}&#8221;][\/et_pb_divider][et_pb_text _builder_version=&#8221;4.21.0&#8243; _module_preset=&#8221;default&#8221; header_3_text_align=&#8221;center&#8221; header_3_text_color=&#8221;#000000&#8243; header_3_font_size=&#8221;30px&#8221; global_colors_info=&#8221;{}&#8221;]<\/p>\n<h3><strong>The Barcelona Hypatia European Science Prize, part of the Barcelona Science Plan<\/strong><\/h3>\n<p>[\/et_pb_text][et_pb_text _builder_version=&#8221;4.21.0&#8243; _module_preset=&#8221;default&#8221; text_font_size=&#8221;16px&#8221; text_orientation=&#8221;justified&#8221; global_colors_info=&#8221;{}&#8221;]<\/p>\n<p>The Barcelona Hypatia European Science Prize is part of the Barcelona Science Plan 2020-2023, a comprehensive science policy with the aim of projecting Barcelona as a European capital of science and innovation. The Prize aims to recognise an outstanding scientist or researcher who has conducted her\/his career in Europe at the highest international level and has had a strong influence on different fields of knowledge and a positive impact on society.<\/p>\n<p>The Hypatia Prize is awarded annually and follows a triennial cycle, rotating each year among three major areas of knowledge:<\/p>\n<p>\u25cf Science and Technology<\/p>\n<p>\u25cf Life and Health Sciences<\/p>\n<p>\u25cf Humanities and Social Sciences<\/p>\n<p>The call for candidates is aimed at scientists and researchers who have carried out their research in a European country, having achieved a career of excellence at the highest international level, a positive influence on society and social well-being, and impact on different fields of knowledge. Nominations must be made by Members of Academia Europaea.<\/p>\n<p>The name of the Prize honours Hypatia of Alexandria (344-415), a woman scientist and philosopher who successfully bridged and disseminated all scholarly disciplines known during her time and who, for this same reason, was assassinated by the forces of ignorance and fanaticism.<\/p>\n<p>The Hypatia Prize constitutes one of the main features of the Barcelona Science Plan, a strategic initiative of the Barcelona City Council to promote the science and research infrastructures of the city, involving joint efforts by the scientific, academic, business and community sectors.<\/p>\n<p><em>For more information contact AEbarcelona@fundaciorecerca.cat<\/em><\/p>\n<p>[\/et_pb_text][\/et_pb_column][\/et_pb_row][\/et_pb_section][et_pb_section fb_built=&#8221;1&#8243; _builder_version=&#8221;4.21.0&#8243; _module_preset=&#8221;default&#8221; global_colors_info=&#8221;{}&#8221;][et_pb_row _builder_version=&#8221;4.21.0&#8243; _module_preset=&#8221;default&#8221; global_colors_info=&#8221;{}&#8221;][et_pb_column type=&#8221;4_4&#8243; _builder_version=&#8221;4.21.0&#8243; _module_preset=&#8221;default&#8221; global_colors_info=&#8221;{}&#8221;][\/et_pb_column][\/et_pb_row][\/et_pb_section]<\/p>\n","protected":false},"excerpt":{"rendered":"<p>Fifth Edition (2024)BARCELONA HYPATIA EUROPEAN SCIENCE PRIZE Awarded by the Barcelona City Council in collaboration with the Academia Europaea-Barcelona Knowledge HubSwedish biologist and geneticist, Nobel Prize in Medicine in 2022, [&hellip;]<\/p>\n","protected":false},"author":7,"featured_media":0,"parent":7373,"menu_order":2,"comment_status":"closed","ping_status":"closed","template":"","meta":{"_et_pb_use_builder":"on","_et_pb_old_content":"","_et_gb_content_width":"","om_disable_all_campaigns":false,"_uf_show_specific_survey":0,"_uf_disable_surveys":false,"footnotes":""},"class_list":["post-8532","page","type-page","status-publish","hentry"],"aioseo_notices":[],"_links":{"self":[{"href":"https:\/\/aebarcelona.eu\/en\/wp-json\/wp\/v2\/pages\/8532","targetHints":{"allow":["GET"]}}],"collection":[{"href":"https:\/\/aebarcelona.eu\/en\/wp-json\/wp\/v2\/pages"}],"about":[{"href":"https:\/\/aebarcelona.eu\/en\/wp-json\/wp\/v2\/types\/page"}],"author":[{"embeddable":true,"href":"https:\/\/aebarcelona.eu\/en\/wp-json\/wp\/v2\/users\/7"}],"replies":[{"embeddable":true,"href":"https:\/\/aebarcelona.eu\/en\/wp-json\/wp\/v2\/comments?post=8532"}],"version-history":[{"count":8,"href":"https:\/\/aebarcelona.eu\/en\/wp-json\/wp\/v2\/pages\/8532\/revisions"}],"predecessor-version":[{"id":9234,"href":"https:\/\/aebarcelona.eu\/en\/wp-json\/wp\/v2\/pages\/8532\/revisions\/9234"}],"up":[{"embeddable":true,"href":"https:\/\/aebarcelona.eu\/en\/wp-json\/wp\/v2\/pages\/7373"}],"wp:attachment":[{"href":"https:\/\/aebarcelona.eu\/en\/wp-json\/wp\/v2\/media?parent=8532"}],"curies":[{"name":"wp","href":"https:\/\/api.w.org\/{rel}","templated":true}]}}