{"id":7073,"date":"2024-05-23T09:57:20","date_gmt":"2024-05-23T08:57:20","guid":{"rendered":"https:\/\/aebarcelona.eu\/?page_id=7073"},"modified":"2025-04-24T15:53:38","modified_gmt":"2025-04-24T14:53:38","slug":"quarta-edicio-2023","status":"publish","type":"page","link":"https:\/\/aebarcelona.eu\/ca\/barcelona-hypatia-european-science-prize\/quarta-edicio-2023\/","title":{"rendered":"Quarta Edici\u00f3 (2023)"},"content":{"rendered":"<p>[et_pb_section fb_built=&#8221;1&#8243; admin_label=&#8221;Services&#8221; _builder_version=&#8221;4.16&#8243; custom_padding=&#8221;90px||45px|||&#8221; locked=&#8221;off&#8221; global_colors_info=&#8221;{}&#8221;][et_pb_row _builder_version=&#8221;4.16&#8243; background_size=&#8221;initial&#8221; background_position=&#8221;top_left&#8221; background_repeat=&#8221;repeat&#8221; custom_width_px=&#8221;710px&#8221; global_colors_info=&#8221;{}&#8221;][et_pb_column type=&#8221;4_4&#8243; _builder_version=&#8221;4.16&#8243; background_position=&#8221;top_left&#8221; custom_padding=&#8221;|||&#8221; global_colors_info=&#8221;{}&#8221; custom_padding__hover=&#8221;|||&#8221;][et_pb_divider color=&#8221;#4e5ed0&#8243; divider_weight=&#8221;3px&#8221; disabled_on=&#8221;off|off|off&#8221; _builder_version=&#8221;4.16&#8243; background_color_gradient_direction=&#8221;90deg&#8221; max_width=&#8221;100px&#8221; module_alignment=&#8221;center&#8221; height=&#8221;5px&#8221; custom_margin=&#8221;||20px|&#8221; custom_padding=&#8221;||20px|&#8221; animation_style=&#8221;slide&#8221; animation_direction=&#8221;bottom&#8221; saved_tabs=&#8221;all&#8221; locked=&#8221;off&#8221; global_colors_info=&#8221;{}&#8221;][\/et_pb_divider][et_pb_text _builder_version=&#8221;4.27.4&#8243; _module_preset=&#8221;default&#8221; text_text_color=&#8221;#000000&#8243; text_font_size=&#8221;39px&#8221; header_font=&#8221;|700|||||||&#8221; header_text_align=&#8221;center&#8221; header_text_color=&#8221;#000000&#8243; header_font_size=&#8221;40px&#8221; hover_enabled=&#8221;0&#8243; global_colors_info=&#8221;{}&#8221; sticky_enabled=&#8221;0&#8243;]<\/p>\n<h1 class=\"art-postheader entry-title\"><a href=\"https:\/\/aebarcelona.eu\/wp-content\/uploads\/2024\/04\/HIPATIA-34room.jpg\"><span>Quarta Edici\u00f3<\/span><\/a>\u00a0(2023)<\/h1>\n<p>[\/et_pb_text][et_pb_text admin_label=&#8221;Services Section Subtitle&#8221; _builder_version=&#8221;4.21.0&#8243; text_font_size=&#8221;16px&#8221; text_line_height=&#8221;1.9em&#8221; header_2_text_color=&#8221;#000000&#8243; header_2_line_height=&#8221;1.6em&#8221; background_size=&#8221;initial&#8221; background_position=&#8221;top_left&#8221; background_repeat=&#8221;repeat&#8221; text_orientation=&#8221;center&#8221; max_width=&#8221;850px&#8221; module_alignment=&#8221;center&#8221; custom_margin=&#8221;|||0px|false|false&#8221; custom_padding=&#8221;|||0px||&#8221; animation_style=&#8221;fold&#8221; animation_direction=&#8221;bottom&#8221; animation_intensity_fold=&#8221;20%&#8221; global_colors_info=&#8221;{}&#8221;]<\/p>\n<h2>PREMI EUROPEU DE CI\u00c8NCIA HIP\u00c0TIA<\/h2>\n<h1>NURIA OLIVER, guanyadora de la 4a edici\u00f3<\/h1>\n<p style=\"text-align: left;\"><span>L\u2019experta en intel\u00b7lig\u00e8ncia artificial\u00a0<strong>Nuria Oliver<\/strong>\u00a0\u00e9s la guanyadora del quart Premi Hip\u00e0tia dins la categoria de Ci\u00e8ncia i Tecnologia per la seva recerca d\u2019excel\u00b7l\u00e8ncia en el desenvolupament de nous m\u00e8todes i sistemes d\u2019IA per impulsar un impacte social positiu, una traject\u00f2ria d\u2019excepcional influ\u00e8ncia internacional que s\u2019ha tradu\u00eft en m\u00e9s de 40 patents registrades.<\/span><\/p>\n<p style=\"text-align: left;\"><span>El guard\u00f3 fou lliurat el <strong>4 de mar\u00e7 de 2024<\/strong> en un acte al Sal\u00f3 de Cent de l\u2019Ajuntament de Barcelona en el qual\u00a0<strong>Nuria Oliver<\/strong>\u00a0va pronunciar la confer\u00e8ncia \u201c<em>Towards a Socially Sustainable Artificial Intelligence<\/em>\u201d.\u00a0<\/span><\/p>\n<p style=\"text-align: left;\"><span>Enginyera de Telecomunicaci\u00f3 per la Universitat Polit\u00e8cnica de Madrid (UPM) i doctora en Arts i Ci\u00e8ncies dels Mitjans de Comunicaci\u00f3 pel Massachusetts Institute of Technology (MIT),\u00a0<strong>Oliver<\/strong>\u00a0ha centrat la seva recerca en la modelitzaci\u00f3 del comportament hum\u00e0 individual i agregat mitjan\u00e7ant t\u00e8cniques d&#8217;aprenentatge autom\u00e0tic i la creaci\u00f3 de sistemes intel\u00b7ligents i interactius, tot abastant diverses \u00e0rees d&#8217;impacte social, inclosa la salut i el benestar, la inclusi\u00f3 financera i els desastres naturals.<\/span><\/p>\n<p style=\"text-align: left;\"><span>La guardonada, entre altres c\u00e0rrecs dins del sector de les telecomunicacions, ha estat directora cient\u00edfica de Telef\u00f3nica R&amp;D, directora cient\u00edfica i de Ci\u00e8ncia de dades de Vodafone Group (Regne Unit), i cofundadora i vicepresidenta de ELLIS, The European Laboratory for Learning and Intelligent Systems (Alemanya).<\/span><\/p>\n<p style=\"text-align: left;\"><span><strong>Nuria Oliver<\/strong>\u00a0\u00e9s una apassionada de la divulgaci\u00f3 cient\u00edfica i tecnol\u00f2gica, amb centenars d&#8217;aparicions medi\u00e0tiques, estant activament compromesa amb l&#8217;atracci\u00f3 de talent jove \u2013i especialment de dones\u2013 cap a l&#8217;enginyeria i la inform\u00e0tica. Durant la pand\u00e8mia de la Covid-19, va ser comissionada de la Presid\u00e8ncia de la Generalitat Valenciana per a l\u2019Estrat\u00e8gia Valenciana en IA, i especialment per a la coordinaci\u00f3 de la ci\u00e8ncia de dades per a lluitar contra la Covid-19.<\/span><\/p>\n<p style=\"text-align: left;\"><span>Per veure sessi\u00f3 clicar <a href=\"https:\/\/youtu.be\/B2X6VOB4Xes\">aqu\u00ed<\/a><\/span><\/p>\n<p style=\"text-align: left;\"><span>Per llegir l&#8217;entrevista per l&#8217;AE clicar <a href=\"https:\/\/aecardiffknowledgehub.wales\/2024\/02\/23\/ais-opportunities-and-challenges-insights-from-2024-hypatia-prize-winner-nuria-oliver\/\">aqu\u00ed<\/a><\/span><\/p>\n<p>[\/et_pb_text][\/et_pb_column][\/et_pb_row][et_pb_row _builder_version=&#8221;4.21.0&#8243; _module_preset=&#8221;default&#8221; width=&#8221;85%&#8221; height=&#8221;510px&#8221; global_colors_info=&#8221;{}&#8221;][et_pb_column type=&#8221;4_4&#8243; _builder_version=&#8221;4.21.0&#8243; _module_preset=&#8221;default&#8221; global_colors_info=&#8221;{}&#8221;][et_pb_gallery gallery_ids=&#8221;6701,6699,6694,6691,6704,6709,6711,6713,6715,6717,6719,6721,6723,6727,6729,6730,6733,6735,6737,6738,6739,6742,6744,6746,6748,6749,6750&#8243; fullwidth=&#8221;on&#8221; _builder_version=&#8221;4.21.0&#8243; _module_preset=&#8221;default&#8221; width=&#8221;53%&#8221; module_alignment=&#8221;center&#8221; height=&#8221;473px&#8221; max_height=&#8221;1000px&#8221; global_colors_info=&#8221;{}&#8221;][\/et_pb_gallery][\/et_pb_column][\/et_pb_row][\/et_pb_section][et_pb_section fb_built=&#8221;1&#8243; disabled_on=&#8221;off|off|off&#8221; _builder_version=&#8221;4.21.0&#8243; _module_preset=&#8221;default&#8221; global_colors_info=&#8221;{}&#8221;][et_pb_row _builder_version=&#8221;4.21.0&#8243; _module_preset=&#8221;default&#8221; global_colors_info=&#8221;{}&#8221;][et_pb_column type=&#8221;4_4&#8243; _builder_version=&#8221;4.21.0&#8243; _module_preset=&#8221;default&#8221; global_colors_info=&#8221;{}&#8221;][et_pb_divider color=&#8221;#4e5ed0&#8243; divider_weight=&#8221;3px&#8221; disabled_on=&#8221;off|off|off&#8221; _builder_version=&#8221;4.16&#8243; background_color_gradient_direction=&#8221;90deg&#8221; max_width=&#8221;100px&#8221; module_alignment=&#8221;center&#8221; height=&#8221;5px&#8221; custom_margin=&#8221;||20px|&#8221; custom_padding=&#8221;||20px|&#8221; animation_style=&#8221;slide&#8221; animation_direction=&#8221;bottom&#8221; saved_tabs=&#8221;all&#8221; locked=&#8221;off&#8221; global_colors_info=&#8221;{}&#8221;][\/et_pb_divider][et_pb_text _builder_version=&#8221;4.21.0&#8243; _module_preset=&#8221;default&#8221; header_3_text_align=&#8221;center&#8221; header_3_text_color=&#8221;#000000&#8243; header_3_font_size=&#8221;30px&#8221; global_colors_info=&#8221;{}&#8221;]<\/p>\n<h3><strong>El Premi Europeu de Ci\u00e8ncia Barcelona Hip\u00e0tia, part del pla Barcelona ci\u00e8ncia 2020-2023<\/strong><\/h3>\n<p>[\/et_pb_text][et_pb_text _builder_version=&#8221;4.21.0&#8243; _module_preset=&#8221;default&#8221; text_font_size=&#8221;16px&#8221; text_orientation=&#8221;justified&#8221; global_colors_info=&#8221;{}&#8221;]<\/p>\n<p>El Premi Europeu de Ci\u00e8ncia Barcelona Hip\u00e0tia s&#8217;emmarca dins del Pla Barcelona Ci\u00e8ncia 2020-2023, una pol\u00edtica cient\u00edfica integral amb l&#8217;objectiu de projectar Barcelona com a capital europea de la ci\u00e8ncia i la innovaci\u00f3. El Premi t\u00e9 com a objectiu recon\u00e8ixer un cient\u00edfic o investigador destacat que hagi desenvolupat la seva carrera a Europa al m\u00e9s alt nivell internacional i que hagi tingut una forta influ\u00e8ncia en diferents camps del coneixement i un impacte positiu en la societat.<br \/>El Premi Hip\u00e0tia s&#8217;atorga anualment i segueix un cicle triennal, rotant cada any entre tres grans \u00e0rees de coneixement:<br \/>\u25cf Ci\u00e8ncia i Tecnologia<br \/>\u25cf Ci\u00e8ncies de la vida i de la salut<br \/>\u25cf Humanitats i Ci\u00e8ncies Socials<br \/>La convocat\u00f2ria s&#8217;adre\u00e7a a cient\u00edfics i investigadors que hagin dut a terme la seva recerca en un pa\u00eds europeu, havent aconseguit una carrera d&#8217;excel\u00b7l\u00e8ncia al m\u00e9s alt nivell internacional, una influ\u00e8ncia positiva en la societat i el benestar social, i impacte en diferents camps de coneixement. Les candidatures han de ser fetes per membres de l&#8217;Acad\u00e8mia Europaea.<br \/>El nom del Premi fa honor a Hip\u00e0tia d&#8217;Alexandria (344-415), una dona cient\u00edfica i fil\u00f2sofa que va aconseguir unir i difondre totes les disciplines erudites conegudes durant el seu temps i que, per aquest mateix motiu, va ser assassinada per les forces de la ignor\u00e0ncia i el fanatisme.<br \/>El Premi Hip\u00e0tia constitueix una de les caracter\u00edstiques principals del Pla Barcelona Ci\u00e8ncia, una iniciativa estrat\u00e8gica de l&#8217;Ajuntament de Barcelona per impulsar les infraestructures cient\u00edfiques i de recerca de la ciutat, que suposa un esfor\u00e7 conjunt dels sectors cient\u00edfic, acad\u00e8mic, empresarial i comunitari.<\/p>\n<p><em>Per a m\u00e9s informaci\u00f3: AEbarcelona@fundaciorecerca.cat<\/em><\/p>\n<p>[\/et_pb_text][\/et_pb_column][\/et_pb_row][\/et_pb_section][et_pb_section fb_built=&#8221;1&#8243; _builder_version=&#8221;4.21.0&#8243; _module_preset=&#8221;default&#8221; global_colors_info=&#8221;{}&#8221;][\/et_pb_section]<\/p>\n","protected":false},"excerpt":{"rendered":"<p>Quarta Edici\u00f3\u00a0(2023)PREMI EUROPEU DE CI\u00c8NCIA HIP\u00c0TIA NURIA OLIVER, guanyadora de la 4a edici\u00f3 L\u2019experta en intel\u00b7lig\u00e8ncia artificial\u00a0Nuria Oliver\u00a0\u00e9s la guanyadora del quart Premi Hip\u00e0tia dins la categoria de Ci\u00e8ncia i [&hellip;]<\/p>\n","protected":false},"author":1,"featured_media":0,"parent":7374,"menu_order":2,"comment_status":"closed","ping_status":"closed","template":"","meta":{"_et_pb_use_builder":"on","_et_pb_old_content":"","_et_gb_content_width":"","om_disable_all_campaigns":false,"_uf_show_specific_survey":0,"_uf_disable_surveys":false,"footnotes":""},"class_list":["post-7073","page","type-page","status-publish","hentry"],"aioseo_notices":[],"_links":{"self":[{"href":"https:\/\/aebarcelona.eu\/ca\/wp-json\/wp\/v2\/pages\/7073","targetHints":{"allow":["GET"]}}],"collection":[{"href":"https:\/\/aebarcelona.eu\/ca\/wp-json\/wp\/v2\/pages"}],"about":[{"href":"https:\/\/aebarcelona.eu\/ca\/wp-json\/wp\/v2\/types\/page"}],"author":[{"embeddable":true,"href":"https:\/\/aebarcelona.eu\/ca\/wp-json\/wp\/v2\/users\/1"}],"replies":[{"embeddable":true,"href":"https:\/\/aebarcelona.eu\/ca\/wp-json\/wp\/v2\/comments?post=7073"}],"version-history":[{"count":18,"href":"https:\/\/aebarcelona.eu\/ca\/wp-json\/wp\/v2\/pages\/7073\/revisions"}],"predecessor-version":[{"id":8607,"href":"https:\/\/aebarcelona.eu\/ca\/wp-json\/wp\/v2\/pages\/7073\/revisions\/8607"}],"up":[{"embeddable":true,"href":"https:\/\/aebarcelona.eu\/ca\/wp-json\/wp\/v2\/pages\/7374"}],"wp:attachment":[{"href":"https:\/\/aebarcelona.eu\/ca\/wp-json\/wp\/v2\/media?parent=7073"}],"curies":[{"name":"wp","href":"https:\/\/api.w.org\/{rel}","templated":true}]}}