{"id":5029,"date":"2023-07-24T16:14:34","date_gmt":"2023-07-24T15:14:34","guid":{"rendered":"https:\/\/aebarcelona.eu\/hypatia-prize-video-gallery\/"},"modified":"2024-02-05T15:35:04","modified_gmt":"2024-02-05T14:35:04","slug":"hypatia-prize-video-gallery","status":"publish","type":"page","link":"https:\/\/aebarcelona.eu\/ca\/hypatia-prize-video-gallery\/","title":{"rendered":"Hypatia Prize video gallery"},"content":{"rendered":"<p>[et_pb_section fb_built=&#8221;1&#8243; fullwidth=&#8221;on&#8221; admin_label=&#8221;Page Header&#8221; _builder_version=&#8221;4.21.0&#8243; background_image=&#8221;https:\/\/aebarcelona.eu\/wp-content\/uploads\/2023\/07\/barcelona-prizes.webp&#8221; parallax=&#8221;on&#8221; global_colors_info=&#8221;{}&#8221;][et_pb_fullwidth_header title=&#8221;Hypatia Prize&#8221; subhead=&#8221;V\u00eddeos&#8221; text_orientation=&#8221;center&#8221; admin_label=&#8221;Hero Section&#8221; _builder_version=&#8221;4.21.0&#8243; title_font=&#8221;Montserrat|on|||&#8221; title_font_size=&#8221;60px&#8221; title_line_height=&#8221;1.4em&#8221; content_font_size=&#8221;22px&#8221; content_line_height=&#8221;1.8em&#8221; subhead_font=&#8221;|700|||||||&#8221; subhead_font_size=&#8221;54px&#8221; background_color=&#8221;rgba(255, 255, 255, 0)&#8221; use_background_color_gradient=&#8221;on&#8221; background_color_gradient_stops=&#8221;rgba(58,52,226,0.93) 0%|rgba(73,108,220,0.7) 100%&#8221; background_color_gradient_start=&#8221;rgba(58,52,226,0.93)&#8221; background_color_gradient_end=&#8221;rgba(73,108,220,0.7)&#8221; custom_button_one=&#8221;on&#8221; button_one_text_size=&#8221;16px&#8221; button_one_bg_color=&#8221;#6eba01&#8243; button_one_border_width=&#8221;2px&#8221; button_one_border_color=&#8221;#6eba01&#8243; button_one_border_radius=&#8221;0&#8243; button_one_letter_spacing=&#8221;2&#8243; button_one_font=&#8221;Montserrat|||on|&#8221; button_one_use_icon=&#8221;off&#8221; custom_button_two=&#8221;on&#8221; button_two_text_size=&#8221;16px&#8221; button_two_border_width=&#8221;2px&#8221; button_two_border_color=&#8221;#ffffff&#8221; button_two_border_radius=&#8221;0&#8243; button_two_letter_spacing=&#8221;2&#8243; button_two_font=&#8221;Montserrat|||on|&#8221; button_two_use_icon=&#8221;off&#8221; module_alignment=&#8221;left&#8221; animation_style=&#8221;fade&#8221; button_one_text_color_hover=&#8221;#6eba01&#8243; button_two_text_color_hover=&#8221;#6eba01&#8243; button_one_border_color_hover=&#8221;#ffffff&#8221; button_two_border_color_hover=&#8221;#ffffff&#8221; button_one_border_radius_hover=&#8221;0&#8243; button_two_border_radius_hover=&#8221;0&#8243; button_one_letter_spacing_hover=&#8221;2&#8243; button_two_letter_spacing_hover=&#8221;2&#8243; button_one_bg_color_hover=&#8221;#ffffff&#8221; button_two_bg_color_hover=&#8221;#ffffff&#8221; global_colors_info=&#8221;{}&#8221; button_one_text_size__hover_enabled=&#8221;off&#8221; button_two_text_size__hover_enabled=&#8221;off&#8221; button_one_text_color__hover_enabled=&#8221;on&#8221; button_one_text_color__hover=&#8221;#6eba01&#8243; button_two_text_color__hover_enabled=&#8221;on&#8221; button_two_text_color__hover=&#8221;#6eba01&#8243; button_one_border_width__hover_enabled=&#8221;off&#8221; button_two_border_width__hover_enabled=&#8221;off&#8221; button_one_border_color__hover_enabled=&#8221;on&#8221; button_one_border_color__hover=&#8221;#ffffff&#8221; button_two_border_color__hover_enabled=&#8221;on&#8221; button_two_border_color__hover=&#8221;#ffffff&#8221; button_one_border_radius__hover_enabled=&#8221;on&#8221; button_one_border_radius__hover=&#8221;0&#8243; button_two_border_radius__hover_enabled=&#8221;on&#8221; button_two_border_radius__hover=&#8221;0&#8243; button_one_letter_spacing__hover_enabled=&#8221;on&#8221; button_one_letter_spacing__hover=&#8221;2&#8243; button_two_letter_spacing__hover_enabled=&#8221;on&#8221; button_two_letter_spacing__hover=&#8221;2&#8243; button_one_bg_color__hover_enabled=&#8221;on&#8221; button_one_bg_color__hover=&#8221;#ffffff&#8221; button_two_bg_color__hover_enabled=&#8221;on&#8221; button_two_bg_color__hover=&#8221;#ffffff&#8221;][\/et_pb_fullwidth_header][\/et_pb_section][et_pb_section fb_built=&#8221;1&#8243; admin_label=&#8221;Services&#8221; _builder_version=&#8221;4.16&#8243; custom_padding=&#8221;90px||46px|||&#8221; locked=&#8221;off&#8221; global_colors_info=&#8221;{}&#8221;][et_pb_row _builder_version=&#8221;4.16&#8243; background_size=&#8221;initial&#8221; background_position=&#8221;top_left&#8221; background_repeat=&#8221;repeat&#8221; custom_width_px=&#8221;710px&#8221; global_colors_info=&#8221;{}&#8221;][et_pb_column type=&#8221;4_4&#8243; _builder_version=&#8221;4.16&#8243; background_position=&#8221;top_left&#8221; custom_padding=&#8221;|||&#8221; global_colors_info=&#8221;{}&#8221; custom_padding__hover=&#8221;|||&#8221;][et_pb_divider color=&#8221;#4e5ed0&#8243; divider_weight=&#8221;3px&#8221; disabled_on=&#8221;off|off|off&#8221; _builder_version=&#8221;4.16&#8243; background_color_gradient_direction=&#8221;90deg&#8221; max_width=&#8221;100px&#8221; module_alignment=&#8221;center&#8221; height=&#8221;5px&#8221; custom_margin=&#8221;||20px|&#8221; custom_padding=&#8221;||20px|&#8221; animation_style=&#8221;slide&#8221; animation_direction=&#8221;bottom&#8221; hover_enabled=&#8221;0&#8243; saved_tabs=&#8221;all&#8221; locked=&#8221;off&#8221; global_colors_info=&#8221;{}&#8221; sticky_enabled=&#8221;0&#8243;][\/et_pb_divider][et_pb_text admin_label=&#8221;Services Section Subtitle&#8221; _builder_version=&#8221;4.21.0&#8243; text_font_size=&#8221;16px&#8221; text_line_height=&#8221;1.9em&#8221; background_size=&#8221;initial&#8221; background_position=&#8221;top_left&#8221; background_repeat=&#8221;repeat&#8221; text_orientation=&#8221;center&#8221; max_width=&#8221;710px&#8221; module_alignment=&#8221;center&#8221; animation_style=&#8221;fold&#8221; animation_direction=&#8221;bottom&#8221; animation_intensity_fold=&#8221;20%&#8221; hover_enabled=&#8221;0&#8243; global_colors_info=&#8221;{}&#8221; custom_padding=&#8221;36px|||||&#8221; sticky_enabled=&#8221;0&#8243;]<\/p>\n<p>El <strong>Premi Europeu de Ci\u00e8ncia Barcelona Hypatia<\/strong> s&#8217;incorpora al Programa &#8220;Barcelona Ciutat de Ci\u00e8ncia&#8221;, que refleja el comprom\u00eds de Barcelona amb la ci\u00e8ncia i pret\u00e9n, en \u00faltima inst\u00e0ncia, projectar la ciutat com a capital europea de la investigaci\u00f3 i la innovaci\u00f3 cap als seus propis ciutadans.<o:p><\/o:p><\/p>\n<p>Aquest premi busca impulsar el coneixement cient\u00edfic i la investigaci\u00f3 en totes les \u00e0rees del coneixement hum\u00e0, des de les ci\u00e8ncies experimentals i la tecnologia fins a les diverses ci\u00e8ncies socials i humanitats, tal i com es refleja en les ve\u00efnes Seccions actuals de l&#8217;EA i en les diferents \u00e0rees d&#8217;actuaci\u00f3 del Consell Europeu d&#8217;Investigaci\u00f3 (CEI).<o:p><\/o:p><\/p>\n<p>[\/et_pb_text][\/et_pb_column][\/et_pb_row][\/et_pb_section][et_pb_section fb_built=&#8221;1&#8243; _builder_version=&#8221;4.21.0&#8243; _module_preset=&#8221;default&#8221; custom_padding=&#8221;5px|||||&#8221; global_colors_info=&#8221;{}&#8221;][et_pb_row _builder_version=&#8221;4.21.0&#8243; _module_preset=&#8221;default&#8221; global_colors_info=&#8221;{}&#8221;][et_pb_column type=&#8221;4_4&#8243; _builder_version=&#8221;4.21.0&#8243; _module_preset=&#8221;default&#8221; global_colors_info=&#8221;{}&#8221;][et_pb_divider color=&#8221;#4e5ed0&#8243; divider_weight=&#8221;3px&#8221; disabled_on=&#8221;off|off|off&#8221; _builder_version=&#8221;4.16&#8243; background_color_gradient_direction=&#8221;90deg&#8221; max_width=&#8221;100px&#8221; module_alignment=&#8221;center&#8221; height=&#8221;5px&#8221; custom_margin=&#8221;||20px|&#8221; custom_padding=&#8221;||20px|&#8221; animation_style=&#8221;slide&#8221; animation_direction=&#8221;bottom&#8221; saved_tabs=&#8221;all&#8221; locked=&#8221;off&#8221; global_colors_info=&#8221;{}&#8221;][\/et_pb_divider][\/et_pb_column][\/et_pb_row][et_pb_row column_structure=&#8221;1_4,3_4&#8243; _builder_version=&#8221;4.21.0&#8243; background_size=&#8221;initial&#8221; background_position=&#8221;top_left&#8221; background_repeat=&#8221;repeat&#8221; custom_padding=&#8221;6px|||||&#8221; locked=&#8221;off&#8221; global_colors_info=&#8221;{}&#8221;][et_pb_column type=&#8221;1_4&#8243; _builder_version=&#8221;4.21.0&#8243; background_position=&#8221;top_left&#8221; custom_padding=&#8221;|||0px|false|false&#8221; global_colors_info=&#8221;{}&#8221; custom_padding__hover=&#8221;|||&#8221;][et_pb_text _builder_version=&#8221;4.21.0&#8243; _module_preset=&#8221;default&#8221; header_3_text_align=&#8221;center&#8221; header_3_text_color=&#8221;#000000&#8243; header_3_font_size=&#8221;35px&#8221; hover_enabled=&#8221;0&#8243; global_colors_info=&#8221;{}&#8221; sticky_enabled=&#8221;0&#8243;]<\/p>\n<h3>V\u00eddeos<\/h3>\n<p>[\/et_pb_text][\/et_pb_column][et_pb_column type=&#8221;3_4&#8243; _builder_version=&#8221;4.21.0&#8243; background_position=&#8221;top_left&#8221; custom_padding=&#8221;|||0px|false|false&#8221; global_colors_info=&#8221;{}&#8221; custom_padding__hover=&#8221;|||&#8221;][et_pb_text admin_label=&#8221;Services Section Subtitle&#8221; _builder_version=&#8221;4.21.0&#8243; text_font_size=&#8221;16px&#8221; text_line_height=&#8221;1.9em&#8221; background_size=&#8221;initial&#8221; background_position=&#8221;top_left&#8221; background_repeat=&#8221;repeat&#8221; width=&#8221;100%&#8221; max_width=&#8221;710px&#8221; module_alignment=&#8221;center&#8221; custom_margin=&#8221;|||0px|false|false&#8221; animation_style=&#8221;fold&#8221; animation_direction=&#8221;bottom&#8221; animation_intensity_fold=&#8221;20%&#8221; hover_enabled=&#8221;0&#8243; global_colors_info=&#8221;{}&#8221; sticky_enabled=&#8221;0&#8243;]<\/p>\n<ul>\n<li><a href=\"https:\/\/vimeo.com\/318629263\" title=\"\u201cOn Academies in Europe and Hungary\u201d. Prof. Dr. L\u00e1szl\u00f3 Lov\u00e1sz\" target=\"_blank\" rel=\"noopener\">\u201cOn Academies in Europe and Hungary\u201d. Prof. Dr. L\u00e1szl\u00f3 Lov\u00e1sz (Mirar-ho)<\/a><\/li>\n<li><a href=\"https:\/\/vimeo.com\/318550508\" target=\"_blank\" rel=\"noopener\" title=\"\u201cOn Math in Society\u201d. Prof. Dr. L\u00e1szl\u00f3 Lov\u00e1sz\">\u201cOn Math in Society\u201d. Prof. Dr. L\u00e1szl\u00f3 Lov\u00e1sz (Mirar-ho)<\/a><br \/><a href=\"https:\/\/youtu.be\/WvTTKIVglqw\" target=\"_blank\" rel=\"noopener\" title=\"\u201cIlaria Capua, winner of the Barcelona Hypatia European Science Prize \u201cLife and Health Sciences\u201d\"><\/a><\/li>\n<li><a href=\"https:\/\/youtu.be\/WvTTKIVglqw\" target=\"_blank\" rel=\"noopener\" title=\"\u201cIlaria Capua, winner of the Barcelona Hypatia European Science Prize \u201cLife and Health Sciences\u201d\">\u201cIlaria Capua, winner of the Barcelona Hypatia European Science Prize \u201cLife and Health Sciences\u201d (Mirar-ho)<\/a><\/li>\n<\/ul>\n<p>[\/et_pb_text][\/et_pb_column][\/et_pb_row][\/et_pb_section]<\/p>\n","protected":false},"excerpt":{"rendered":"<p>El Premi Europeu de Ci\u00e8ncia Barcelona Hypatia s&#8217;incorpora al Programa &#8220;Barcelona Ciutat de Ci\u00e8ncia&#8221;, que refleja el comprom\u00eds de Barcelona amb la ci\u00e8ncia i pret\u00e9n, en \u00faltima inst\u00e0ncia, projectar la [&hellip;]<\/p>\n","protected":false},"author":1,"featured_media":0,"parent":0,"menu_order":0,"comment_status":"closed","ping_status":"closed","template":"","meta":{"_et_pb_use_builder":"on","_et_pb_old_content":"","_et_gb_content_width":"","om_disable_all_campaigns":false,"_uf_show_specific_survey":0,"_uf_disable_surveys":false,"footnotes":""},"class_list":["post-5029","page","type-page","status-publish","hentry"],"aioseo_notices":[],"_links":{"self":[{"href":"https:\/\/aebarcelona.eu\/ca\/wp-json\/wp\/v2\/pages\/5029","targetHints":{"allow":["GET"]}}],"collection":[{"href":"https:\/\/aebarcelona.eu\/ca\/wp-json\/wp\/v2\/pages"}],"about":[{"href":"https:\/\/aebarcelona.eu\/ca\/wp-json\/wp\/v2\/types\/page"}],"author":[{"embeddable":true,"href":"https:\/\/aebarcelona.eu\/ca\/wp-json\/wp\/v2\/users\/1"}],"replies":[{"embeddable":true,"href":"https:\/\/aebarcelona.eu\/ca\/wp-json\/wp\/v2\/comments?post=5029"}],"version-history":[{"count":6,"href":"https:\/\/aebarcelona.eu\/ca\/wp-json\/wp\/v2\/pages\/5029\/revisions"}],"predecessor-version":[{"id":6282,"href":"https:\/\/aebarcelona.eu\/ca\/wp-json\/wp\/v2\/pages\/5029\/revisions\/6282"}],"wp:attachment":[{"href":"https:\/\/aebarcelona.eu\/ca\/wp-json\/wp\/v2\/media?parent=5029"}],"curies":[{"name":"wp","href":"https:\/\/api.w.org\/{rel}","templated":true}]}}