{"id":5014,"date":"2023-07-19T18:19:09","date_gmt":"2023-07-19T17:19:09","guid":{"rendered":"https:\/\/aebarcelona.eu\/disputatio-of-barcelona\/"},"modified":"2025-11-09T12:37:57","modified_gmt":"2025-11-09T11:37:57","slug":"disputatio-of-barcelona","status":"publish","type":"page","link":"https:\/\/aebarcelona.eu\/ca\/disputatio-of-barcelona\/","title":{"rendered":"Disputatio of Barcelona"},"content":{"rendered":"<p>[et_pb_section fb_built=&#8221;1&#8243; fullwidth=&#8221;on&#8221; admin_label=&#8221;Page Header&#8221; _builder_version=&#8221;4.21.0&#8243; background_image=&#8221;https:\/\/aebarcelona.eu\/wp-content\/uploads\/2023\/07\/barcelona-prizes.webp&#8221; parallax=&#8221;on&#8221; global_colors_info=&#8221;{}&#8221;][et_pb_fullwidth_header title=&#8221;Disputatio de Barcelona&#8221; text_orientation=&#8221;center&#8221; admin_label=&#8221;Hero Section&#8221; _builder_version=&#8221;4.21.0&#8243; title_font=&#8221;Montserrat|on|||&#8221; title_font_size=&#8221;60px&#8221; title_line_height=&#8221;1.4em&#8221; content_font_size=&#8221;22px&#8221; content_line_height=&#8221;1.8em&#8221; subhead_font=&#8221;||||&#8221; background_color=&#8221;rgba(255, 255, 255, 0)&#8221; use_background_color_gradient=&#8221;on&#8221; background_color_gradient_stops=&#8221;rgba(58,52,226,0.93) 0%|rgba(73,108,220,0.7) 100%&#8221; background_color_gradient_start=&#8221;rgba(58,52,226,0.93)&#8221; background_color_gradient_end=&#8221;rgba(73,108,220,0.7)&#8221; custom_button_one=&#8221;on&#8221; button_one_text_size=&#8221;16px&#8221; button_one_bg_color=&#8221;#6eba01&#8243; button_one_border_width=&#8221;2px&#8221; button_one_border_color=&#8221;#6eba01&#8243; button_one_border_radius=&#8221;0&#8243; button_one_letter_spacing=&#8221;2&#8243; button_one_font=&#8221;Montserrat|||on|&#8221; button_one_use_icon=&#8221;off&#8221; custom_button_two=&#8221;on&#8221; button_two_text_size=&#8221;16px&#8221; button_two_border_width=&#8221;2px&#8221; button_two_border_color=&#8221;#ffffff&#8221; button_two_border_radius=&#8221;0&#8243; button_two_letter_spacing=&#8221;2&#8243; button_two_font=&#8221;Montserrat|||on|&#8221; button_two_use_icon=&#8221;off&#8221; module_alignment=&#8221;left&#8221; animation_style=&#8221;fade&#8221; button_one_text_color_hover=&#8221;#6eba01&#8243; button_two_text_color_hover=&#8221;#6eba01&#8243; button_one_border_color_hover=&#8221;#ffffff&#8221; button_two_border_color_hover=&#8221;#ffffff&#8221; button_one_border_radius_hover=&#8221;0&#8243; button_two_border_radius_hover=&#8221;0&#8243; button_one_letter_spacing_hover=&#8221;2&#8243; button_two_letter_spacing_hover=&#8221;2&#8243; button_one_bg_color_hover=&#8221;#ffffff&#8221; button_two_bg_color_hover=&#8221;#ffffff&#8221; global_colors_info=&#8221;{}&#8221; button_one_text_size__hover_enabled=&#8221;off&#8221; button_two_text_size__hover_enabled=&#8221;off&#8221; button_one_text_color__hover_enabled=&#8221;on&#8221; button_one_text_color__hover=&#8221;#6eba01&#8243; button_two_text_color__hover_enabled=&#8221;on&#8221; button_two_text_color__hover=&#8221;#6eba01&#8243; button_one_border_width__hover_enabled=&#8221;off&#8221; button_two_border_width__hover_enabled=&#8221;off&#8221; button_one_border_color__hover_enabled=&#8221;on&#8221; button_one_border_color__hover=&#8221;#ffffff&#8221; button_two_border_color__hover_enabled=&#8221;on&#8221; button_two_border_color__hover=&#8221;#ffffff&#8221; button_one_border_radius__hover_enabled=&#8221;on&#8221; button_one_border_radius__hover=&#8221;0&#8243; button_two_border_radius__hover_enabled=&#8221;on&#8221; button_two_border_radius__hover=&#8221;0&#8243; button_one_letter_spacing__hover_enabled=&#8221;on&#8221; button_one_letter_spacing__hover=&#8221;2&#8243; button_two_letter_spacing__hover_enabled=&#8221;on&#8221; button_two_letter_spacing__hover=&#8221;2&#8243; button_one_bg_color__hover_enabled=&#8221;on&#8221; button_one_bg_color__hover=&#8221;#ffffff&#8221; button_two_bg_color__hover_enabled=&#8221;on&#8221; button_two_bg_color__hover=&#8221;#ffffff&#8221;][\/et_pb_fullwidth_header][\/et_pb_section][et_pb_section fb_built=&#8221;1&#8243; _builder_version=&#8221;4.21.0&#8243; _module_preset=&#8221;default&#8221; min_height=&#8221;175px&#8221; custom_margin=&#8221;-30px||-30px||false|false&#8221; custom_padding=&#8221;||||false|false&#8221; locked=&#8221;off&#8221; global_colors_info=&#8221;{}&#8221;][et_pb_row disabled_on=&#8221;on|on|on&#8221; _builder_version=&#8221;4.27.4&#8243; _module_preset=&#8221;default&#8221; module_alignment=&#8221;center&#8221; custom_margin=&#8221;10px||||false|false&#8221; disabled=&#8221;on&#8221; global_colors_info=&#8221;{}&#8221;][et_pb_column type=&#8221;4_4&#8243; _builder_version=&#8221;4.21.0&#8243; _module_preset=&#8221;default&#8221; custom_padding=&#8221;20px||||false|false&#8221; global_colors_info=&#8221;{}&#8221;][et_pb_text _builder_version=&#8221;4.21.0&#8243; _module_preset=&#8221;default&#8221; global_colors_info=&#8221;{}&#8221;]<\/p>\n<h2 style=\"text-align: center;\"><span style=\"color: #000000;\"><a href=\"https:\/\/aebarcelona.eu\/wp-content\/uploads\/2025\/01\/Lucas-Graves_-En-EE.UU_.-unas-pocas-mentiras-ganan-los-votos-que-deciden.pdf\" style=\"color: #000000;\">ENTREVISTA A LUCAS GRAVES A LA VANGUARDIA: 2\/01\/2025<\/a><\/span><\/h2>\n<p>[\/et_pb_text][\/et_pb_column][\/et_pb_row][\/et_pb_section][et_pb_section fb_built=&#8221;1&#8243; _builder_version=&#8221;4.27.4&#8243; _module_preset=&#8221;default&#8221; global_colors_info=&#8221;{}&#8221;][et_pb_row _builder_version=&#8221;4.27.4&#8243; _module_preset=&#8221;default&#8221; global_colors_info=&#8221;{}&#8221;][et_pb_column type=&#8221;4_4&#8243; _builder_version=&#8221;4.27.4&#8243; _module_preset=&#8221;default&#8221; global_colors_info=&#8221;{}&#8221;][et_pb_text _builder_version=&#8221;4.27.4&#8243; _module_preset=&#8221;default&#8221; global_colors_info=&#8221;{}&#8221;]<\/p>\n<h2><span style=\"color: #000000;\">Disputatio 2025<\/span><\/h2>\n<p>[\/et_pb_text][\/et_pb_column][\/et_pb_row][et_pb_row _builder_version=&#8221;4.27.4&#8243; _module_preset=&#8221;default&#8221; global_colors_info=&#8221;{}&#8221;][et_pb_column type=&#8221;4_4&#8243; _builder_version=&#8221;4.27.4&#8243; _module_preset=&#8221;default&#8221; global_colors_info=&#8221;{}&#8221;][et_pb_image src=&#8221;https:\/\/aebarcelona.eu\/wp-content\/uploads\/2025\/11\/Invitacio\u0301disputatio-v4-Linkedin1-scaled.png&#8221; title_text=&#8221;Invitacio\u0301disputatio v4 Linkedin1&#8243; _builder_version=&#8221;4.27.4&#8243; _module_preset=&#8221;default&#8221; hover_enabled=&#8221;0&#8243; global_colors_info=&#8221;{}&#8221; sticky_enabled=&#8221;0&#8243;][\/et_pb_image][\/et_pb_column][\/et_pb_row][et_pb_row _builder_version=&#8221;4.27.4&#8243; _module_preset=&#8221;default&#8221; global_colors_info=&#8221;{}&#8221;][et_pb_column type=&#8221;4_4&#8243; _builder_version=&#8221;4.27.4&#8243; _module_preset=&#8221;default&#8221; global_colors_info=&#8221;{}&#8221;][et_pb_text _builder_version=&#8221;4.27.4&#8243; _module_preset=&#8221;default&#8221; global_colors_info=&#8221;{}&#8221;]<\/p>\n<p>Si vols venir a l&#8217;esdeveniment en persona, fes clic <a href=\"https:\/\/aebarcelona.eu\/wp-admin\/post.php?post=9326&amp;action=edit\" target=\"_blank\" rel=\"noopener\">aqu\u00ed<\/a>.<\/p>\n<p>[\/et_pb_text][\/et_pb_column][\/et_pb_row][\/et_pb_section][et_pb_section fb_built=&#8221;1&#8243; disabled_on=&#8221;off|off|off&#8221; admin_label=&#8221;Services&#8221; _builder_version=&#8221;4.21.0&#8243; custom_padding=&#8221;50px||45px||false|false&#8221; locked=&#8221;off&#8221; global_colors_info=&#8221;{}&#8221;][et_pb_row _builder_version=&#8221;4.21.0&#8243; background_size=&#8221;initial&#8221; background_position=&#8221;top_left&#8221; background_repeat=&#8221;repeat&#8221; custom_width_px=&#8221;710px&#8221; global_colors_info=&#8221;{}&#8221;][et_pb_column type=&#8221;4_4&#8243; _builder_version=&#8221;4.16&#8243; background_position=&#8221;top_left&#8221; custom_padding=&#8221;|||&#8221; global_colors_info=&#8221;{}&#8221; custom_padding__hover=&#8221;|||&#8221;][et_pb_image src=&#8221;https:\/\/aebarcelona.eu\/wp-content\/uploads\/2024\/10\/invitacioDisputatio21112024-scaled.jpg&#8221; alt=&#8221;Disputatio 2024&#8243; title_text=&#8221;invitacioDisputatio21112024&#8243; disabled_on=&#8221;on|on|on&#8221; _builder_version=&#8221;4.21.0&#8243; _module_preset=&#8221;default&#8221; disabled=&#8221;on&#8221; global_colors_info=&#8221;{}&#8221;][\/et_pb_image][et_pb_text admin_label=&#8221;Services Section Subtitle&#8221; _builder_version=&#8221;4.21.0&#8243; text_font_size=&#8221;16px&#8221; text_line_height=&#8221;1.9em&#8221; background_size=&#8221;initial&#8221; background_position=&#8221;top_left&#8221; background_repeat=&#8221;repeat&#8221; text_orientation=&#8221;center&#8221; max_width=&#8221;710px&#8221; module_alignment=&#8221;center&#8221; animation_style=&#8221;fold&#8221; animation_direction=&#8221;bottom&#8221; animation_intensity_fold=&#8221;20%&#8221; global_colors_info=&#8221;{}&#8221;]<\/p>\n<p>Des del principi de la seva activitat l\u2019any 2013, l\u2019AE-BKH, en col\u00b7laboraci\u00f3 amb l\u2019Ajuntament de Barcelona, ha organitzat la <em>DISPUTATIO<\/em> DE BARCELONA, un DEBAT ACAD\u00c8MIC ANUAL entre dos experts reconeguts (<em>disputantes<\/em>) amb diferents punts de vista sobre un tema com\u00fa de rellev\u00e0ncia social. Aquesta sessi\u00f3 est\u00e0 coordinada per un altre expert, el <em>Magister disputationis<\/em> o convocant, encarregat de moderar el debat.<\/p>\n<p>[\/et_pb_text][et_pb_divider color=&#8221;#4e5ed0&#8243; divider_weight=&#8221;3px&#8221; disabled_on=&#8221;off|off|off&#8221; _builder_version=&#8221;4.21.0&#8243; background_color_gradient_direction=&#8221;90deg&#8221; max_width=&#8221;100px&#8221; module_alignment=&#8221;center&#8221; height=&#8221;5px&#8221; custom_margin=&#8221;||20px|&#8221; custom_padding=&#8221;||20px|&#8221; animation_style=&#8221;slide&#8221; animation_direction=&#8221;bottom&#8221; saved_tabs=&#8221;all&#8221; locked=&#8221;off&#8221; global_colors_info=&#8221;{}&#8221;][\/et_pb_divider][et_pb_text _builder_version=&#8221;4.21.0&#8243; _module_preset=&#8221;default&#8221; header_3_text_align=&#8221;center&#8221; header_3_text_color=&#8221;#000000&#8243; header_3_font_size=&#8221;35px&#8221; global_colors_info=&#8221;{}&#8221;]<\/p>\n<h3>Activitat<\/h3>\n<p>[\/et_pb_text][et_pb_text admin_label=&#8221;Services Section Subtitle&#8221; _builder_version=&#8221;4.21.0&#8243; text_font_size=&#8221;16px&#8221; text_line_height=&#8221;1.9em&#8221; background_size=&#8221;initial&#8221; background_position=&#8221;top_left&#8221; background_repeat=&#8221;repeat&#8221; text_orientation=&#8221;center&#8221; max_width=&#8221;710px&#8221; module_alignment=&#8221;center&#8221; animation_style=&#8221;fold&#8221; animation_direction=&#8221;bottom&#8221; animation_intensity_fold=&#8221;20%&#8221; global_colors_info=&#8221;{}&#8221;]<\/p>\n<p>Aquesta activitat es caracteritza per un alt nivell d\u2019interacci\u00f3 amb el p\u00fablic, format per estudiosos d\u2019una varietat d\u2019\u00e0mbits m\u00e9s enll\u00e0 del tema que es tracta. Aquest esdeveniment est\u00e0 inspirat en la <em>Disputatio <\/em>original que es va celebrar a Barcelona el 1263, un debat teol\u00f2gic entre intel\u00b7lectuals cristians i jueus presidit pel rei Jaume I d\u2019Arag\u00f3.<\/p>\n<p>Les <em>Disputatio<\/em> actuals, que cobreixen una \u00e0mplia varietat de temes de les ci\u00e8ncies exactes, naturals i socials, aix\u00ed com de les humanitats, s\u2019han convertit en una tradici\u00f3 acad\u00e8mica.<\/p>\n<p>[\/et_pb_text][\/et_pb_column][\/et_pb_row][\/et_pb_section][et_pb_section fb_built=&#8221;1&#8243; _builder_version=&#8221;4.21.0&#8243; _module_preset=&#8221;default&#8221; custom_padding=&#8221;2px|||||&#8221; global_colors_info=&#8221;{}&#8221;][et_pb_row _builder_version=&#8221;4.21.0&#8243; _module_preset=&#8221;default&#8221; global_colors_info=&#8221;{}&#8221;][et_pb_column type=&#8221;4_4&#8243; _builder_version=&#8221;4.21.0&#8243; _module_preset=&#8221;default&#8221; global_colors_info=&#8221;{}&#8221;][et_pb_divider color=&#8221;#4e5ed0&#8243; divider_weight=&#8221;3px&#8221; disabled_on=&#8221;off|off|off&#8221; _builder_version=&#8221;4.16&#8243; background_color_gradient_direction=&#8221;90deg&#8221; max_width=&#8221;100px&#8221; module_alignment=&#8221;center&#8221; height=&#8221;5px&#8221; custom_margin=&#8221;||20px|&#8221; custom_padding=&#8221;||20px|&#8221; animation_style=&#8221;slide&#8221; animation_direction=&#8221;bottom&#8221; saved_tabs=&#8221;all&#8221; locked=&#8221;off&#8221; global_colors_info=&#8221;{}&#8221;][\/et_pb_divider][et_pb_text _builder_version=&#8221;4.21.0&#8243; _module_preset=&#8221;default&#8221; header_3_text_align=&#8221;center&#8221; header_3_text_color=&#8221;#000000&#8243; header_3_font_size=&#8221;35px&#8221; global_colors_info=&#8221;{}&#8221;]<\/p>\n<p>Edicions anteriors<\/p>\n<p>[\/et_pb_text][\/et_pb_column][\/et_pb_row][et_pb_row _builder_version=&#8221;4.16&#8243; background_size=&#8221;initial&#8221; background_position=&#8221;top_left&#8221; background_repeat=&#8221;repeat&#8221; custom_padding=&#8221;45px|||||&#8221; locked=&#8221;off&#8221; global_colors_info=&#8221;{}&#8221;][et_pb_column type=&#8221;4_4&#8243; _builder_version=&#8221;4.16&#8243; background_position=&#8221;top_left&#8221; custom_padding=&#8221;|||&#8221; global_colors_info=&#8221;{}&#8221; custom_padding__hover=&#8221;|||&#8221;][et_pb_accordion closed_toggle_text_color=&#8221;#000000&#8243; _builder_version=&#8221;4.27.4&#8243; _module_preset=&#8221;default&#8221; global_colors_info=&#8221;{}&#8221;][et_pb_accordion_item title=&#8221;21 Nov 2024 &#8211;  Disinformation: The Invisible Global Threat&#8221; open=&#8221;on&#8221; open_toggle_text_color=&#8221;#000000&#8243; _builder_version=&#8221;4.27.4&#8243; _module_preset=&#8221;default&#8221; global_colors_info=&#8221;{}&#8221; toggle_font_size=&#8221;18px&#8221;]<\/p>\n<p>Lloc: Sal\u00f3 de Cr\u00f2niques de l\u2019Ajuntament de Barcelona, en l\u00ednia.<\/p>\n<p>Participants: Lucas Graves (Universitat de Wisconsin) i Ram\u00f3n Salaverr\u00eda(Universitat de Navarra). Moderats per Ruth Rodr\u00edguez (Universitat Pompeu. Fabra).<\/p>\n<p>Per veure la sessi\u00f3, clicar <a href=\"https:\/\/www.youtube.com\/watch?v=vxgoEHRL9-Q&amp;feature=youtu.be&amp;themeRefresh=1\" target=\"_blank\" rel=\"noopener\">aqu\u00ed<\/a><\/p>\n<p>[\/et_pb_accordion_item][et_pb_accordion_item title=&#8221;13 Nov 2023 &#8211;  The Origins of Human Violence&#8221; open=&#8221;off&#8221; open_toggle_text_color=&#8221;#000000&#8243; _builder_version=&#8221;4.21.0&#8243; _module_preset=&#8221;default&#8221; global_colors_info=&#8221;{}&#8221; toggle_font_size=&#8221;18px&#8221;]<\/p>\n<p>Lloc: Sal\u00f3 de Cr\u00f2niques de l\u2019Ajuntament de Barcelona, en l\u00ednia.<\/p>\n<p>Participants: Scot Atram (Universitat de Michigan) i Marta Miraz\u00f3n (Universitat de Cambridge)<\/p>\n<p>(Universitat Northeastern). Moderats per Oscar Vilarroya (Universitat Aut\u00f2noma de Barcelona).<\/p>\n<p>Per veure la sessi\u00f3, clicar <a href=\"https:\/\/www.youtube.com\/watch?v=_VF_swTtcgU&amp;t=428s\">aqu\u00ed<\/a><\/p>\n<p>[\/et_pb_accordion_item][et_pb_accordion_item title=&#8221;15 Nov 2022 &#8211; The urban between history, ecology and the digital: challenges for the future of Barcelona&#8221; open_toggle_text_color=&#8221;#000000&#8243; _builder_version=&#8221;4.21.0&#8243; _module_preset=&#8221;default&#8221; global_colors_info=&#8221;{}&#8221; toggle_font_size=&#8221;18px&#8221; open=&#8221;off&#8221;]<\/p>\n<p>Lloc: Sal\u00f3 de Cr\u00f2niques de l\u2019Ajuntament de Barcelona, en l\u00ednia.<\/p>\n<p>Participants: Kathrin Golda-Pongratz (UPC) i Xavier Costa-Guix<\/p>\n<p>(Universitat Northeastern). Moderats per Georg Vrachliotis (Universitat T\u00e8cnica de Delft).<\/p>\n<p>[\/et_pb_accordion_item][et_pb_accordion_item title=&#8221;1 Dic 2021 &#8211; Mental health and pandemics: burden and resilience&#8221; open_toggle_text_color=&#8221;#000000&#8243; _builder_version=&#8221;4.21.0&#8243; _module_preset=&#8221;default&#8221; global_colors_info=&#8221;{}&#8221; toggle_font_size=&#8221;18px&#8221; open=&#8221;off&#8221;]<\/p>\n<p>Lloc: Institut d\u2019Estudis Catalans (IEC), en l\u00ednia.<\/p>\n<p>Participants: Arcadi Navarro (UPF) i Eider Arenaza-Urquijo (BarcelonaBeta Brain Research Center).<\/p>\n<p>[\/et_pb_accordion_item][et_pb_accordion_item title=&#8221;19 Jan 2020 &#8211; Cities, climate and pandemics: Reflections from urban studies and environmental economics&#8221; open_toggle_text_color=&#8221;#000000&#8243; _builder_version=&#8221;4.21.0&#8243; _module_preset=&#8221;default&#8221; global_colors_info=&#8221;{}&#8221; toggle_font_size=&#8221;18px&#8221; open=&#8221;off&#8221;]<\/p>\n<p>Place: Virtual<\/p>\n<p>Participants: Kathrin Golda-Pongratz (UPC) &amp; Jeroen van den Bergh (ICREA-ICTA). Convened by Alexander Fidora (ICREA-UAB).<\/p>\n<p>&nbsp;<\/p>\n<p>[\/et_pb_accordion_item][et_pb_accordion_item title=&#8221;13 Nov 2019 &#8211; A new Humanism for the 21st century? Specialisation vs. generalisation&#8221; open_toggle_text_color=&#8221;#000000&#8243; _builder_version=&#8221;4.21.0&#8243; _module_preset=&#8221;default&#8221; global_colors_info=&#8221;{}&#8221; toggle_font_size=&#8221;18px&#8221; open=&#8221;off&#8221;]<\/p>\n<p>Place: Institute for Catalan Studies (IEC)<\/p>\n<p>Participants: Silvia De Bianchi (UAB) &amp; Maciej Lewenstein (ICREA-ICFO). Convened by Alexander Fidora (ICREA-UAB).<\/p>\n<p>&nbsp;<\/p>\n<p>[\/et_pb_accordion_item][et_pb_accordion_item title=&#8221;28 Nov 2018 &#8211; Competition vs. Cooperation: two economists\u2019 points of view&#8221; open_toggle_text_color=&#8221;#000000&#8243; _builder_version=&#8221;4.21.0&#8243; _module_preset=&#8221;default&#8221; global_colors_info=&#8221;{}&#8221; toggle_font_size=&#8221;18px&#8221; open=&#8221;off&#8221;]<\/p>\n<p>Place: Institute for Catalan Studies (IEC)<\/p>\n<p>Participants: Herv\u00e9 Moulin (University of Glasgow) &amp; Gabrielle Demange (EHESS-Paris). Convened by Salvador Barber\u00e0 (UAB).<\/p>\n<p>&nbsp;<\/p>\n<p>[\/et_pb_accordion_item][et_pb_accordion_item title=&#8221;23 Nov 2017 &#8211; Supercomputers: instruments for science and technology and the progress of society&#8221; open_toggle_text_color=&#8221;#000000&#8243; _builder_version=&#8221;4.21.0&#8243; _module_preset=&#8221;default&#8221; global_colors_info=&#8221;{}&#8221; toggle_font_size=&#8221;18px&#8221; open=&#8221;off&#8221;]<\/p>\n<p>Place: Institute for Catalan Studies (IEC)<\/p>\n<p>Participants: Mateo Valero (BSC) &amp; Alison Kennedy (STFC Hartree Centre). Convened by Enric Banda (BSC) &amp; Fabrizio Gagliardi (BSC).<\/p>\n<p>&nbsp;<\/p>\n<p>[\/et_pb_accordion_item][et_pb_accordion_item title=&#8221;21 Nov 2016 &#8211; Natural life vs. Synthetic life&#8221; open_toggle_text_color=&#8221;#000000&#8243; _builder_version=&#8221;4.21.0&#8243; _module_preset=&#8221;default&#8221; global_colors_info=&#8221;{}&#8221; toggle_font_size=&#8221;18px&#8221; open=&#8221;off&#8221;]<\/p>\n<p>Place: Palau de la Generalitat<\/p>\n<p>Participants: Anna Veiga (CMR(B)) &amp; Ricard Sol\u00e9 (ICREA-UPF).<\/p>\n<p>&nbsp;<\/p>\n<p>[\/et_pb_accordion_item][et_pb_accordion_item title=&#8221;9 Dec 2015 &#8211; Natural vs. Artificial intelligence&#8221; open_toggle_text_color=&#8221;#000000&#8243; _builder_version=&#8221;4.21.0&#8243; _module_preset=&#8221;default&#8221; global_colors_info=&#8221;{}&#8221; toggle_font_size=&#8221;18px&#8221; open=&#8221;off&#8221;]<\/p>\n<p>Place: Royal Chapel of Santa \u00c0gata<\/p>\n<p>Participants: N\u00faria Sebasti\u00e1n (UPF) &amp; Ulises Cort\u00e9s (BSC).<\/p>\n<p>&nbsp;<\/p>\n<p>[\/et_pb_accordion_item][et_pb_accordion_item title=&#8221;27 Nov 2014 &#8211; The Mediterranean, bridge of cultures&#8221; open_toggle_text_color=&#8221;#000000&#8243; _builder_version=&#8221;4.21.0&#8243; _module_preset=&#8221;default&#8221; global_colors_info=&#8221;{}&#8221; toggle_font_size=&#8221;18px&#8221; open=&#8221;off&#8221;]<\/p>\n<p>Place: Sant Pau Art Nouveau Site<\/p>\n<p>Participants: Maria Paradiso (University of Sannio) &amp; Enric Banda (LaCaixa Foundation).<\/p>\n<p>&nbsp;<\/p>\n<p>[\/et_pb_accordion_item][et_pb_accordion_item title=&#8221;27 Nov 2013 &#8211; Social and state-of-the-art medicine: defining the way forward&#8221; open_toggle_text_color=&#8221;#000000&#8243; _builder_version=&#8221;4.21.0&#8243; _module_preset=&#8221;default&#8221; global_colors_info=&#8221;{}&#8221; toggle_font_size=&#8221;18px&#8221; open=&#8221;off&#8221;]<\/p>\n<p>Place: Sal\u00f3 de Cent Hall within Barcelona City Council building<\/p>\n<p>Participants: Thomas Pogge (Yale University) &amp; Mara Dierssen (CGR-UPF).<\/p>\n<p>&nbsp;<\/p>\n<p>[\/et_pb_accordion_item][\/et_pb_accordion][\/et_pb_column][\/et_pb_row][\/et_pb_section]<\/p>\n","protected":false},"excerpt":{"rendered":"<p>ENTREVISTA A LUCAS GRAVES A LA VANGUARDIA: 2\/01\/2025Disputatio 2025Si vols venir a l&#8217;esdeveniment en persona, fes clic aqu\u00ed.Des del principi de la seva activitat l\u2019any 2013, l\u2019AE-BKH, en col\u00b7laboraci\u00f3 amb [&hellip;]<\/p>\n","protected":false},"author":1,"featured_media":0,"parent":0,"menu_order":0,"comment_status":"closed","ping_status":"closed","template":"","meta":{"_et_pb_use_builder":"on","_et_pb_old_content":"","_et_gb_content_width":"","om_disable_all_campaigns":false,"_uf_show_specific_survey":0,"_uf_disable_surveys":false,"footnotes":""},"class_list":["post-5014","page","type-page","status-publish","hentry"],"aioseo_notices":[],"_links":{"self":[{"href":"https:\/\/aebarcelona.eu\/ca\/wp-json\/wp\/v2\/pages\/5014","targetHints":{"allow":["GET"]}}],"collection":[{"href":"https:\/\/aebarcelona.eu\/ca\/wp-json\/wp\/v2\/pages"}],"about":[{"href":"https:\/\/aebarcelona.eu\/ca\/wp-json\/wp\/v2\/types\/page"}],"author":[{"embeddable":true,"href":"https:\/\/aebarcelona.eu\/ca\/wp-json\/wp\/v2\/users\/1"}],"replies":[{"embeddable":true,"href":"https:\/\/aebarcelona.eu\/ca\/wp-json\/wp\/v2\/comments?post=5014"}],"version-history":[{"count":28,"href":"https:\/\/aebarcelona.eu\/ca\/wp-json\/wp\/v2\/pages\/5014\/revisions"}],"predecessor-version":[{"id":9374,"href":"https:\/\/aebarcelona.eu\/ca\/wp-json\/wp\/v2\/pages\/5014\/revisions\/9374"}],"wp:attachment":[{"href":"https:\/\/aebarcelona.eu\/ca\/wp-json\/wp\/v2\/media?parent=5014"}],"curies":[{"name":"wp","href":"https:\/\/api.w.org\/{rel}","templated":true}]}}