{"id":5007,"date":"2023-07-24T17:00:46","date_gmt":"2023-07-24T16:00:46","guid":{"rendered":"https:\/\/aebarcelona.eu\/barcelona-hypatia-european-hypatia-prize\/third-edition-2021\/"},"modified":"2023-07-24T17:00:46","modified_gmt":"2023-07-24T16:00:46","slug":"third-edition-2021","status":"publish","type":"page","link":"https:\/\/aebarcelona.eu\/ca\/barcelona-hypatia-european-science-prize\/third-edition-2021\/","title":{"rendered":"Third Edition (2021)"},"content":{"rendered":"<p>[et_pb_section fb_built=&#8221;1&#8243; admin_label=&#8221;Services&#8221; _builder_version=&#8221;4.16&#8243; custom_padding=&#8221;90px||45px|||&#8221; locked=&#8221;off&#8221; global_colors_info=&#8221;{}&#8221;][et_pb_row _builder_version=&#8221;4.16&#8243; background_size=&#8221;initial&#8221; background_position=&#8221;top_left&#8221; background_repeat=&#8221;repeat&#8221; custom_width_px=&#8221;710px&#8221; global_colors_info=&#8221;{}&#8221;][et_pb_column type=&#8221;4_4&#8243; _builder_version=&#8221;4.16&#8243; background_position=&#8221;top_left&#8221; custom_padding=&#8221;|||&#8221; global_colors_info=&#8221;{}&#8221; custom_padding__hover=&#8221;|||&#8221;][et_pb_divider color=&#8221;#4e5ed0&#8243; divider_weight=&#8221;3px&#8221; disabled_on=&#8221;off|off|off&#8221; _builder_version=&#8221;4.16&#8243; background_color_gradient_direction=&#8221;90deg&#8221; max_width=&#8221;100px&#8221; module_alignment=&#8221;center&#8221; height=&#8221;5px&#8221; custom_margin=&#8221;||20px|&#8221; custom_padding=&#8221;||20px|&#8221; animation_style=&#8221;slide&#8221; animation_direction=&#8221;bottom&#8221; saved_tabs=&#8221;all&#8221; locked=&#8221;off&#8221; global_colors_info=&#8221;{}&#8221;][\/et_pb_divider][et_pb_text _builder_version=&#8221;4.21.0&#8243; _module_preset=&#8221;default&#8221; text_text_color=&#8221;#000000&#8243; text_font_size=&#8221;39px&#8221; header_font=&#8221;|700|||||||&#8221; header_text_align=&#8221;center&#8221; header_text_color=&#8221;#000000&#8243; header_font_size=&#8221;40px&#8221; global_colors_info=&#8221;{}&#8221;]<\/p>\n<h1 class=\"art-postheader entry-title\">Third Edition (2021)<\/h1>\n<p>[\/et_pb_text][et_pb_text admin_label=&#8221;Services Section Subtitle&#8221; _builder_version=&#8221;4.21.0&#8243; text_font_size=&#8221;16px&#8221; text_line_height=&#8221;1.9em&#8221; header_2_text_color=&#8221;#000000&#8243; header_2_font_size=&#8221;22px&#8221; header_2_line_height=&#8221;1.6em&#8221; background_size=&#8221;initial&#8221; background_position=&#8221;top_left&#8221; background_repeat=&#8221;repeat&#8221; text_orientation=&#8221;center&#8221; max_width=&#8221;710px&#8221; module_alignment=&#8221;center&#8221; animation_style=&#8221;fold&#8221; animation_direction=&#8221;bottom&#8221; animation_intensity_fold=&#8221;20%&#8221; global_colors_info=&#8221;{}&#8221;]<\/p>\n<h2>BARCELONA HYPATIA EUROPEAN SCIENCE PRIZE<\/h2>\n<p>Awarded by the Barcelona City Council in collaboration with the Academia Europaea-Barcelona Knowledge Hub<\/p>\n<h2>THIRD\u00a0EDITION: HUMANITIES AND SOCIAL SCIENCES<\/h2>\n<p>[\/et_pb_text][et_pb_button button_text=&#8221;Photo gallery&#8221; button_alignment=&#8221;center&#8221; _builder_version=&#8221;4.21.0&#8243; _module_preset=&#8221;default&#8221; global_colors_info=&#8221;{}&#8221;][\/et_pb_button][\/et_pb_column][\/et_pb_row][\/et_pb_section][et_pb_section fb_built=&#8221;1&#8243; admin_label=&#8221;Email Subscribe&#8221; _builder_version=&#8221;4.16&#8243; use_background_color_gradient=&#8221;on&#8221; background_color_gradient_stops=&#8221;rgba(76,72,227,0.96) 0%|rgba(73,108,220,0.93) 100%&#8221; background_color_gradient_start=&#8221;rgba(76,72,227,0.96)&#8221; background_color_gradient_end=&#8221;rgba(73,108,220,0.93)&#8221; custom_padding=&#8221;46px||45px|||&#8221; animation_style=&#8221;fold&#8221; animation_direction=&#8221;bottom&#8221; animation_intensity_fold=&#8221;4%&#8221; global_colors_info=&#8221;{}&#8221;][et_pb_row _builder_version=&#8221;4.16&#8243; background_size=&#8221;initial&#8221; background_position=&#8221;top_left&#8221; background_repeat=&#8221;repeat&#8221; custom_width_px=&#8221;710px&#8221; global_colors_info=&#8221;{}&#8221;][et_pb_column type=&#8221;4_4&#8243; _builder_version=&#8221;4.16&#8243; background_position=&#8221;top_left&#8221; custom_padding=&#8221;|||&#8221; global_colors_info=&#8221;{}&#8221; custom_padding__hover=&#8221;|||&#8221;][et_pb_divider color=&#8221;#ffffff&#8221; divider_weight=&#8221;3px&#8221; disabled_on=&#8221;off|off|off&#8221; _builder_version=&#8221;4.16&#8243; background_color_gradient_direction=&#8221;90deg&#8221; max_width=&#8221;100px&#8221; module_alignment=&#8221;center&#8221; height=&#8221;5px&#8221; custom_margin=&#8221;||20px|&#8221; custom_padding=&#8221;||20px|&#8221; animation_style=&#8221;slide&#8221; animation_direction=&#8221;bottom&#8221; saved_tabs=&#8221;all&#8221; locked=&#8221;off&#8221; global_colors_info=&#8221;{}&#8221;][\/et_pb_divider][et_pb_text _builder_version=&#8221;4.21.0&#8243; _module_preset=&#8221;default&#8221; header_text_color=&#8221;#FFFFFF&#8221; header_3_text_align=&#8221;left&#8221; header_3_text_color=&#8221;#FFFFFF&#8221; header_3_font_size=&#8221;35px&#8221; global_colors_info=&#8221;{}&#8221;]<\/p>\n<h3><strong>Philosopher Nancy Cartwright selected as winner of the 3rd edition of the Barcelona Hypatia European Science Prize for her outstanding contributions to philosophical research<\/strong><\/h3>\n<p>[\/et_pb_text][et_pb_text admin_label=&#8221;Request Section Subtitle&#8221; _builder_version=&#8221;4.21.0&#8243; text_font_size=&#8221;16px&#8221; text_line_height=&#8221;1.9em&#8221; background_size=&#8221;initial&#8221; background_position=&#8221;top_left&#8221; background_repeat=&#8221;repeat&#8221; background_layout=&#8221;dark&#8221; width=&#8221;100%&#8221; max_width=&#8221;100%&#8221; module_alignment=&#8221;center&#8221; custom_margin=&#8221;|||38px||&#8221; custom_padding=&#8221;|0px||5px||&#8221; animation_style=&#8221;fold&#8221; animation_direction=&#8221;bottom&#8221; animation_intensity_fold=&#8221;20%&#8221; hover_enabled=&#8221;0&#8243; global_colors_info=&#8221;{}&#8221; text_orientation=&#8221;justified&#8221; sticky_enabled=&#8221;0&#8243;]<\/p>\n<div class=\"vc_row wpb_row vc_row-fluid\">\n<div class=\"wpb_column vc_column_container vc_col-sm-9\">\n<div class=\"wpb_wrapper\">\n<div class=\"wpb_text_column wpb_content_element  vc_custom_1667296687250\">\n<div class=\"wpb_wrapper\">\n<p><img loading=\"lazy\" decoding=\"async\" src=\"https:\/\/aebarcelona.eu\/wp-content\/uploads\/2023\/07\/Winner-2021-265x300.jpeg\" width=\"173\" height=\"196\" alt=\"Winner-2021\" class=\"wp-image-4742 alignleft size-medium\" srcset=\"https:\/\/aebarcelona.eu\/wp-content\/uploads\/2023\/07\/Winner-2021-265x300.jpeg 265w, https:\/\/aebarcelona.eu\/wp-content\/uploads\/2023\/07\/Winner-2021.jpeg 317w\" sizes=\"(max-width: 173px) 100vw, 173px\" \/>The Barcelona Hypatia European Science Prize in its third edition recognises Nancy Cartwright, philosopher of science, Professor of Philosophy at Durham University and Director of its Centre for Humanities Engaging Science and Society (CHESS), for her outstanding contributions to philosophical research. These have resulted in a new understanding of the nature of scientific theories and of causation and have held far-reaching consequences for a range of different fields of knowledge, including both natural and the social and human sciences; in particular, she has laid the foundations for an approach combining rigour and realism that aims at evidence-based policy and has had a profound impact on societies and policies across Europe and beyond.<\/p>\n<p>Launched by the Barcelona City Council in collaboration with the Academia Europaea-Barcelona Knowledge Hub (AE-BKH) within the framework of the Barcelona Science Plan, the Hypatia Prize seeks to project the city as a European capital of research and innovation. Its main goal is to spotlight science, as well as to promote, support and enhance the value of excellent research conducted in Europe and of its impact on society. The winner of the first edition of the prize, devoted to Science and Technology, was L\u00e1szl\u00f3 Lov\u00e1sz, mathematician and professor at E\u00f6tv\u00f6s Lor\u00e1nd University in Budapest, Hungary, for his outstanding career in the field of mathematics as a scientific discipline at the service of society; the winner of the second edition, devoted to Life and Health Sciences, was virologist Ilaria Capua, Director of the \u201cOne Health\u201d Center of Excellence at the University of Florida, for her leadership in open access to genetic information on emerging viruses and for her promotion of the multidisciplinary concept of \u201cone health\u201d.<\/p>\n<p>The Hypatia Prize features a monetary award of 30,000 euros and a commemorative plaque, which\u00a0were handed to Cartwright during a solemn ceremony held on October 27th,\u00a0in the<span>\u00a0<\/span><em>Sal\u00f3 de Cent<\/em>, of the Barcelona City Hall. During the ceremony, Cartwright delivered a distinguished lecture entitled, \u201cModelling Objectively,\u201d in the company of Barcelona city officials, representatives from Barcelona\u2019s scientific community and Members of Academia Europaea (AE).\u00a0You can enjoy the video recording of\u00a0the event theough this<span>\u00a0<\/span><a href=\"https:\/\/www.youtube.com\/watch?v=3wFvQ2H12NM\" target=\"_blank\" rel=\"noopener\"><strong>LINK.<\/strong><\/a><\/p>\n<\/div>\n<\/div>\n<\/div>\n<\/div>\n<\/div>\n<div class=\"vc_row wpb_row vc_row-fluid\">\n<div class=\"wpb_column vc_column_container vc_col-sm-12\">\n<div class=\"wpb_wrapper\">\n<div class=\"wpb_text_column wpb_content_element  vc_custom_1667296047888\">\n<div class=\"wpb_wrapper\">\n<p>The selection jury was composed of five academic members proposed by Academia Europaea and by the Barcelona City Council, as follows: Bj\u00f6rn Wittrock (President), Professor Emeritus at Uppsala University and\u00a0 Founding Director and Permanent Fellow at the Swedish Collegium for Advanced Study, Sweden, who in addition serves as AE Vice-President ex officio and Chair of Class A2-Social and Related Sciences; Genoveva Mart\u00ed, ICREA Research Professor at the University of Barcelona, Member of AE Class A1- Humanities and Chair of the Section devoted to Philosophy, Theology and Religious Studies; Alexander Fidora, ICREA Research Professor at the Universitat Aut\u00f2noma de Barcelona and Member of the AE Class A1-Humanities; Maria Dolors Garcia-Ramon, Professor Emeritus at the Universitat Aut\u00f2noma de Barcelona and Member of AE Class A2-Social and Related Sciences; and Ricard Guerrero (Secretary), Academic Director of AE-BKH.<\/p>\n<p><strong>\u00a0<\/strong>From the fifteen candidates nominated in the area of the prize in its second edition, fourteen of whom were validated for compliance with the prize terms and conditions, Cartwright, deemed \u201cone of the most influential, if not the most influential, contemporary philosopher of science,\u201d was chosen by the members of the selection jury as winner. Their decision was motivated by her philosophical research career conducted at the highest international level, by the influence that her work, \u201ccharacterised by analytical clarity and scholarly rigour,\u201d has had on a variety of fields, including both the natural and the social and human sciences, and by the social impact made through her contributions toward improving evidence-based policy across Europe and beyond.<\/p>\n<\/div>\n<\/div>\n<\/div>\n<\/div>\n<\/div>\n<p>[\/et_pb_text][\/et_pb_column][\/et_pb_row][\/et_pb_section][et_pb_section fb_built=&#8221;1&#8243; _builder_version=&#8221;4.21.0&#8243; _module_preset=&#8221;default&#8221; global_colors_info=&#8221;{}&#8221;][et_pb_row _builder_version=&#8221;4.21.0&#8243; _module_preset=&#8221;default&#8221; global_colors_info=&#8221;{}&#8221;][et_pb_column type=&#8221;4_4&#8243; _builder_version=&#8221;4.21.0&#8243; _module_preset=&#8221;default&#8221; global_colors_info=&#8221;{}&#8221;][et_pb_divider color=&#8221;#4e5ed0&#8243; divider_weight=&#8221;3px&#8221; disabled_on=&#8221;off|off|off&#8221; _builder_version=&#8221;4.16&#8243; background_color_gradient_direction=&#8221;90deg&#8221; max_width=&#8221;100px&#8221; module_alignment=&#8221;center&#8221; height=&#8221;5px&#8221; custom_margin=&#8221;||20px|&#8221; custom_padding=&#8221;||20px|&#8221; animation_style=&#8221;slide&#8221; animation_direction=&#8221;bottom&#8221; saved_tabs=&#8221;all&#8221; locked=&#8221;off&#8221; global_colors_info=&#8221;{}&#8221;][\/et_pb_divider][et_pb_text _builder_version=&#8221;4.21.0&#8243; _module_preset=&#8221;default&#8221; header_3_text_align=&#8221;center&#8221; header_3_text_color=&#8221;#000000&#8243; header_3_font_size=&#8221;30px&#8221; global_colors_info=&#8221;{}&#8221;]<\/p>\n<h3><strong>Prize winner Nancy Cartwright<\/strong><\/h3>\n<p>[\/et_pb_text][et_pb_text _builder_version=&#8221;4.21.0&#8243; _module_preset=&#8221;default&#8221; text_font_size=&#8221;16px&#8221; hover_enabled=&#8221;0&#8243; global_colors_info=&#8221;{}&#8221; text_orientation=&#8221;justified&#8221; sticky_enabled=&#8221;0&#8243;]<\/p>\n<p><img loading=\"lazy\" decoding=\"async\" src=\"https:\/\/aebarcelona.eu\/wp-content\/uploads\/2023\/07\/PA272640-1030x820-1-300x239.jpeg\" width=\"300\" height=\"239\" alt=\"\" class=\"wp-image-4744 alignright size-medium\" \/>Nancy Cartwright\u00a0 is a methodologist and philosopher of science, focusing in the first part of her career on the philosophy of physics, and the latter part on the social and economic sciences, with special attention to causation, evidence and modelling. Her recent research has dealt with scientific evidence, objectivity and how to put scientific knowledge to work, especially for improving policy deliberation, such as in the project \u2018Knowledge for Use\u2019 [K4U]. She has worked with others on projects in this area on education, child protection and international development. Holding appointments in both the United Kingdom and the United States, she currently is Professor of Philosophy at Durham University and Distinguished Professor at the University of California San Diego, having worked previously at Stanford University and the London School of Economics.<\/p>\n<p>Cartwright is a former MacArthur fellow, a fellow of the British Academy and of the (U.K.) Academy of Social Sciences, a member of Academia Europaea, of the American Academy of Arts and Sciences, of the American Philosophical Society -the oldest learned society in the United States- and of the Leopoldina, or German National Academy of Sciences. She is the recipient of the Carl Gustav Hempel Prize for 2018, recognising lifetime scholarly achievement in the philosophy of science, and of the 2017 Dr. Martin R. Lebowitz and Eve Lewellis Lebowitz Prize, alongside Elliott Sober, awarded by the Phi Beta Kappa Society in conjunction with the American Philosophical Association. In addition to her appointments in Durham and San Diego, she is Tsing Hua Honorary Distinguished Chair Professor at the National Tsing Hua University in Taiwan, and Visiting Professor at the University of Johannesburg Institute for the Future of Knowledge. She has been awarded honorary doctorates by the University of St Andrews and by Southern Methodist University.<\/p>\n<p>Cartwright has engaged in a large number of interdisciplinary projects over the course of her career and has written or co-authored numerous books, the most recent of which are:<span>\u00a0<\/span><em>The Tangle of Science: Reliability beyond Method, Rigour and Objectivity<\/em><span>\u00a0<\/span>[with Jeremy Hardie, Eleonora Montuschi, Matthew Soleiman and Ann Thresher, forthcoming OUP] and<span>\u00a0<\/span><em>A Philosopher Looks at Science<span>\u00a0<\/span><\/em>(forthcoming CUP);<span>\u00a0<\/span><em>Nature the Artful Modeler: Lectures on Laws, Science, How Nature Arranges the World<\/em>, and<span>\u00a0<\/span><em>How We Can Arrange It Better<span>\u00a0<\/span><\/em>(2019),<span>\u00a0<\/span><em>Improving Child Safety: deliberation, judgement and empirical research<\/em><span>\u00a0<\/span>[with E Munro, J Hardie &amp; E Montuschi] (2017),<span>\u00a0<\/span><em>Evidence: For Policy and Wheresoever Rigor is a Must<\/em><span>\u00a0<\/span>(2013), and<span>\u00a0<\/span><em>Evidence Based Policy: A Practical Guide to Doing it Better<\/em><span>\u00a0<\/span>[with J Hardie] (2012). She has also co-edited three collections:<span>\u00a0<\/span><em>Rethinking Order: After the Laws of Nature<span>\u00a0<\/span><\/em>[with K Ward] (2016),<span>\u00a0<\/span><em>Philosophy of Social Science: A New Introduction<\/em><span>\u00a0<\/span>[with Eleonora Montuschi] (2014), and<span>\u00a0<\/span><em>Idealization XII: Correcting the Models. Idealization and Abstraction in the Sciences<\/em><span>\u00a0<\/span>[with M R Jones] (2005).<\/p>\n<p>[\/et_pb_text][\/et_pb_column][\/et_pb_row][et_pb_row _builder_version=&#8221;4.21.0&#8243; _module_preset=&#8221;default&#8221; global_colors_info=&#8221;{}&#8221;][et_pb_column type=&#8221;4_4&#8243; _builder_version=&#8221;4.21.0&#8243; _module_preset=&#8221;default&#8221; global_colors_info=&#8221;{}&#8221;][et_pb_divider color=&#8221;#4e5ed0&#8243; divider_weight=&#8221;3px&#8221; disabled_on=&#8221;off|off|off&#8221; _builder_version=&#8221;4.16&#8243; background_color_gradient_direction=&#8221;90deg&#8221; max_width=&#8221;100px&#8221; module_alignment=&#8221;center&#8221; height=&#8221;5px&#8221; custom_margin=&#8221;||20px|&#8221; custom_padding=&#8221;||20px|&#8221; animation_style=&#8221;slide&#8221; animation_direction=&#8221;bottom&#8221; saved_tabs=&#8221;all&#8221; locked=&#8221;off&#8221; global_colors_info=&#8221;{}&#8221;][\/et_pb_divider][et_pb_text _builder_version=&#8221;4.21.0&#8243; _module_preset=&#8221;default&#8221; header_3_text_align=&#8221;center&#8221; header_3_text_color=&#8221;#000000&#8243; header_3_font_size=&#8221;30px&#8221; global_colors_info=&#8221;{}&#8221;]<\/p>\n<h3><strong>The Barcelona Hypatia European Science Prize, part of the Barcelona Science Plan<\/strong><\/h3>\n<p>[\/et_pb_text][et_pb_text _builder_version=&#8221;4.21.0&#8243; _module_preset=&#8221;default&#8221; text_font_size=&#8221;16px&#8221; hover_enabled=&#8221;0&#8243; global_colors_info=&#8221;{}&#8221; sticky_enabled=&#8221;0&#8243; text_orientation=&#8221;justified&#8221;]<\/p>\n<p>The Barcelona Hypatia European Science Prize is part of the Barcelona Science Plan 2020-2023, a comprehensive science policy with the aim of projecting Barcelona as a European capital of science and innovation. The Prize aims to recognise an outstanding scientist or researcher who has conducted her\/his career in Europe at the highest international level and has had a strong influence on different fields of knowledge and a positive impact on society.<\/p>\n<p>The Hypatia Prize is awarded annually and follows a triennial cycle, rotating each year among three major areas of knowledge:<\/p>\n<p>\u25cf Science and Technology<\/p>\n<p>\u25cf Life and Health Sciences<\/p>\n<p>\u25cf Humanities and Social Sciences<\/p>\n<p>The call for candidates is aimed at scientists and researchers who have carried out their research in a European country, having achieved a career of excellence at the highest international level, a positive influence on society and social well-being, and impact on different fields of knowledge. Nominations must be made by Members of Academia Europaea.<\/p>\n<p>The name of the Prize honours Hypatia of Alexandria (344-415), a woman scientist and philosopher who successfully bridged and disseminated all scholarly disciplines known during her time and who, for this same reason, was assassinated by the forces of ignorance and fanaticism.<\/p>\n<p>The Hypatia Prize constitutes one of the main features of the Barcelona Science Plan, a strategic initiative of the Barcelona City Council to promote the science and research infrastructures of the city, involving joint efforts by the scientific, academic, business and community sectors.<\/p>\n<p><em>For more information contact AEbarcelona@fundaciorecerca.cat<\/em><\/p>\n<p>[\/et_pb_text][\/et_pb_column][\/et_pb_row][\/et_pb_section]<\/p>\n","protected":false},"excerpt":{"rendered":"<p>Third Edition (2021)BARCELONA HYPATIA EUROPEAN SCIENCE PRIZE Awarded by the Barcelona City Council in collaboration with the Academia Europaea-Barcelona Knowledge Hub THIRD\u00a0EDITION: HUMANITIES AND SOCIAL SCIENCESPhilosopher Nancy Cartwright selected as [&hellip;]<\/p>\n","protected":false},"author":1,"featured_media":0,"parent":7374,"menu_order":2,"comment_status":"closed","ping_status":"closed","template":"","meta":{"_et_pb_use_builder":"on","_et_pb_old_content":"","_et_gb_content_width":"","om_disable_all_campaigns":false,"_uf_show_specific_survey":0,"_uf_disable_surveys":false,"footnotes":""},"class_list":["post-5007","page","type-page","status-publish","hentry"],"aioseo_notices":[],"_links":{"self":[{"href":"https:\/\/aebarcelona.eu\/ca\/wp-json\/wp\/v2\/pages\/5007","targetHints":{"allow":["GET"]}}],"collection":[{"href":"https:\/\/aebarcelona.eu\/ca\/wp-json\/wp\/v2\/pages"}],"about":[{"href":"https:\/\/aebarcelona.eu\/ca\/wp-json\/wp\/v2\/types\/page"}],"author":[{"embeddable":true,"href":"https:\/\/aebarcelona.eu\/ca\/wp-json\/wp\/v2\/users\/1"}],"replies":[{"embeddable":true,"href":"https:\/\/aebarcelona.eu\/ca\/wp-json\/wp\/v2\/comments?post=5007"}],"version-history":[{"count":0,"href":"https:\/\/aebarcelona.eu\/ca\/wp-json\/wp\/v2\/pages\/5007\/revisions"}],"up":[{"embeddable":true,"href":"https:\/\/aebarcelona.eu\/ca\/wp-json\/wp\/v2\/pages\/7374"}],"wp:attachment":[{"href":"https:\/\/aebarcelona.eu\/ca\/wp-json\/wp\/v2\/media?parent=5007"}],"curies":[{"name":"wp","href":"https:\/\/api.w.org\/{rel}","templated":true}]}}