{"id":4996,"date":"2023-07-19T17:29:26","date_gmt":"2023-07-19T16:29:26","guid":{"rendered":"https:\/\/aebarcelona.eu\/barcelona-hypatia-european-hypatia-prize\/"},"modified":"2026-01-29T11:38:36","modified_gmt":"2026-01-29T10:38:36","slug":"barcelona-hypatia-european-hypatia-prize","status":"publish","type":"page","link":"https:\/\/aebarcelona.eu\/ca\/barcelona-hypatia-european-science-prize\/cinquena-edicio-2024","title":{"rendered":"Cinquena Edici\u00f3 (2024)"},"content":{"rendered":"<p>[et_pb_section fb_built=&#8221;1&#8243; admin_label=&#8221;Services&#8221; _builder_version=&#8221;4.27.4&#8243; custom_padding=&#8221;90px||45px|||&#8221; hover_enabled=&#8221;0&#8243; locked=&#8221;off&#8221; global_colors_info=&#8221;{}&#8221; sticky_enabled=&#8221;0&#8243;][et_pb_row _builder_version=&#8221;4.27.4&#8243; background_size=&#8221;initial&#8221; background_position=&#8221;top_left&#8221; background_repeat=&#8221;repeat&#8221; hover_enabled=&#8221;0&#8243; custom_width_px=&#8221;710px&#8221; global_colors_info=&#8221;{}&#8221; max_width=&#8221;2560px&#8221; module_alignment=&#8221;center&#8221; sticky_enabled=&#8221;0&#8243;][et_pb_column type=&#8221;4_4&#8243; _builder_version=&#8221;4.16&#8243; background_position=&#8221;top_left&#8221; custom_padding=&#8221;|||&#8221; global_colors_info=&#8221;{}&#8221; custom_padding__hover=&#8221;|||&#8221;][et_pb_text _builder_version=&#8221;4.27.4&#8243; _dynamic_attributes=&#8221;link_option_url&#8221; _module_preset=&#8221;default&#8221; header_text_align=&#8221;center&#8221; header_text_color=&#8221;#000000&#8243; header_2_text_align=&#8221;center&#8221; header_2_text_color=&#8221;#000000&#8243; header_2_font_size=&#8221;47px&#8221; background_color=&#8221;#FFFFFF&#8221; width=&#8221;100%&#8221; max_width=&#8221;100%&#8221; custom_padding=&#8221;0px|||||&#8221; link_option_url=&#8221;@ET-DC@eyJkeW5hbWljIjp0cnVlLCJjb250ZW50IjoicG9zdF9saW5rX3VybF9wYWdlIiwic2V0dGluZ3MiOnsicG9zdF9pZCI6IjczNzQifX0=@&#8221; link_option_url_new_window=&#8221;on&#8221; hover_enabled=&#8221;0&#8243; global_colors_info=&#8221;{}&#8221; sticky_enabled=&#8221;0&#8243;]<\/p>\n<h2 class=\"art-postheader entry-title\"><strong><a href=\"https:\/\/aebarcelona.eu\/wp-content\/uploads\/2026\/01\/bannerhipatiaCAT-scaled.png\">Sisena Edici\u00f3 (2025)<\/a><\/strong><\/h2>\n<h2 class=\"art-postheader entry-title\" style=\"text-align: center;\"><strong><a href=\"https:\/\/aebarcelona.eu\/wp-content\/uploads\/2026\/01\/bannerhipatiaCAT-scaled.png\"><img loading=\"lazy\" decoding=\"async\" src=\"https:\/\/aebarcelona.eu\/wp-content\/uploads\/2026\/01\/bannerhipatiaCAT-1024x650.png\" width=\"637\" height=\"404\" alt=\"\" class=\"wp-image-9513 aligncenter size-large\" \/><\/a><\/strong><\/h2>\n<h2 class=\"art-postheader entry-title\" style=\"text-align: center;\"><\/h2>\n<p>[\/et_pb_text][et_pb_text _builder_version=&#8221;4.27.4&#8243; _module_preset=&#8221;default&#8221; text_text_color=&#8221;#000000&#8243; header_text_align=&#8221;center&#8221; header_text_color=&#8221;#000000&#8243; header_2_text_color=&#8221;#000000&#8243; global_colors_info=&#8221;{}&#8221;]<\/p>\n<div class=\"traductor-textarea form-group\">\n<div class=\"textarea-desti col-xs-12 col-sm-6\">\n<div class=\"form-control second-textarea\">\n<h2><strong>Barcelona concedir\u00e0 el VI Premi Hip\u00e0tia a l\u2019economista Philippe Aghion, recent guanyador del Premi Nobel d&#8217;Economia 2025.<\/strong><\/h2>\n<p>&nbsp;<\/p>\n<p>L\u2019Ajuntament de Barcelona atorgar\u00e0 el VI Premi Hip\u00e0tia a Philippe Aghion, un dels economistes m\u00e9s influents del m\u00f3n, reconegut internacionalment per les seves aportacions a l\u2019economia de la innovaci\u00f3, el creixement i la destrucci\u00f3 creativa. El jurat internacional -que va deliberar el passat mes de setembre- ha atorgat el guard\u00f3 a Aghion en valorar tant les aportacions te\u00f2riques pioneres de l\u2019economista com el reconeixement internacional excepcional que tenen, aix\u00ed com la seva profunda influ\u00e8ncia en l\u2019\u00e0mbit de les pol\u00edtiques p\u00fabliques d\u2019arreu del m\u00f3n. L\u2019Ajuntament va notificar a Aghion que era el guanyador del Premi Hip\u00e0tia pocs dies abans que l\u2019acad\u00e8mia sueca hagi fet p\u00fablic que li atorga el Premi Nobel d\u2019Economia 2025.<\/p>\n<p>El Premi Hip\u00e0tia, que reconeix l\u2019excel\u00b7l\u00e8ncia cient\u00edfica a escala europea, est\u00e0 impulsat conjuntament per l\u2019Ajuntament de Barcelona i l\u2019Acad\u00e8mia Europea (Academia Europaea-Barcelona Knowledge Hub, AE-BKH). En el cas Aghion se li concedeix el guard\u00f3, dotat en 30.000 euros, per la seva tasca en l\u2019\u00e0mbit de les Humanitats i les Ci\u00e8ncies Socials.<\/p>\n<p>L\u2019alcalde de Barcelona, Jaume Collboni, va enviar el passat 7 d\u2019octubre una carta de felicitaci\u00f3 adre\u00e7ada al premiat on destaca que amb el guard\u00f3 \u201cBarcelona vol homenatjar els assoliments cient\u00edfics destacats alhora que refor\u00e7a el seu paper com a capital europea de la recerca i la innovaci\u00f3\u201d. \u200b\u200b\u201cLa ciutat exemplifica un comprom\u00eds amb el foment de l\u2019economia del creixement, la destrucci\u00f3 creativa i la transfer\u00e8ncia de coneixement, principis al cor del paradigma schumpeteri\u00e0.\u201d, escriu Collboni.<\/p>\n<p>Philippe Aghion (Fran\u00e7a, 1956) \u00e9s actualment professor al Coll\u00e8ge de France, la London School of Economics i l\u2019INSEAD i una autoritat en \u00e0rees com l\u2019economia de la innovaci\u00f3 i el creixement. \u00c9s codissenyador, juntament amb Peter Howitt, del paradigma de creixement schumpeteri\u00e0, que desenvolupa el concepte de destrucci\u00f3 creativa, \u00e9s a dir, la manera com les tecnologies i les idees substitueixen les antigues, generant aven\u00e7os per\u00f2 tamb\u00e9 disrupcions.<\/p>\n<p>\u00c9s autor d\u2019obres fonamentals com Endogenous Growth Theory (1998), Competition and Growth (2006) i The Power of Creative Destruction (2021) i t\u00e9 una \u00e0mplia producci\u00f3 acad\u00e8mica en les principals revistes internacionals, amb m\u00e9s de 136.000 citacions, que evidencien el seu impacte global.<\/p>\n<p>Al llarg de la seva traject\u00f2ria, i a banda del recent Premi Nobel d\u2019Economia, Aghion ha rebut guardons de la categoria del Premi Yrj\u00f6 Jahnsson (2001), el Premi John von Neumann (2009), el Premi Fundaci\u00f3 BBVA Fronteres del Coneixement (2020), la Medalla Erasmus (2022) o el Premi Jean-Jacques Laffont (2022).<\/p>\n<p>&nbsp;<\/p>\n<\/div>\n<div class=\"form-control second-textarea\"><\/div>\n<div class=\"form-control second-textarea\"><\/div>\n<\/div>\n<\/div>\n<div class=\"traductor-checkbox form-group\">\n<div id=\"message_info\" class=\"panel-body alert alert-warning bg-success text-success\" role=\"alert\"><\/div>\n<\/div>\n<p>[\/et_pb_text][et_pb_text disabled_on=&#8221;on|on|on&#8221; _builder_version=&#8221;4.27.4&#8243; _module_preset=&#8221;default&#8221; disabled=&#8221;on&#8221; global_colors_info=&#8221;{}&#8221;]<\/p>\n<p><span>El <strong>Premi Europeu de Ci\u00e8ncia Hip\u00e0tia<\/strong> \u00e9s atorgat per l&#8217;Ajuntament de Barcelona en col\u00b7laboraci\u00f3 amb l&#8217;Acad\u00e8mia Europaea\u2013Barcelona Knowledge Hub. En el marc del Pla Barcelona Ci\u00e8ncia, que vol impulsar la ciutat de Barcelona com a capital europea de la ci\u00e8ncia, el premi, que compta amb un important premi monetari, reconeix una investigador\/a destacat que ha dut a terme la seva carrera principalment a Europa i al m\u00e9s alt nivell internacional, amb una forta influ\u00e8ncia en diversos camps del coneixement i un impacte positiu en la societat.<\/span><\/p>\n<p>[\/et_pb_text][et_pb_divider color=&#8221;#4e5ed0&#8243; divider_weight=&#8221;3px&#8221; disabled_on=&#8221;off|off|off&#8221; _builder_version=&#8221;4.16&#8243; background_color_gradient_direction=&#8221;90deg&#8221; max_width=&#8221;100px&#8221; module_alignment=&#8221;center&#8221; height=&#8221;5px&#8221; custom_margin=&#8221;||20px|&#8221; custom_padding=&#8221;||20px|&#8221; animation_style=&#8221;slide&#8221; animation_direction=&#8221;bottom&#8221; saved_tabs=&#8221;all&#8221; locked=&#8221;off&#8221; global_colors_info=&#8221;{}&#8221;][\/et_pb_divider][et_pb_text disabled_on=&#8221;off|off|off&#8221; _builder_version=&#8221;4.27.4&#8243; _module_preset=&#8221;default&#8221; header_3_text_align=&#8221;center&#8221; header_3_text_color=&#8221;#000000&#8243; header_3_font_size=&#8221;35px&#8221; global_colors_info=&#8221;{}&#8221;]<\/p>\n<p style=\"text-align: center;\"><strong>MEMBRES DEL JURAT<\/strong><\/p>\n<p>[\/et_pb_text][et_pb_text _builder_version=&#8221;4.27.4&#8243; _module_preset=&#8221;default&#8221; global_colors_info=&#8221;{}&#8221;]<\/p>\n<p style=\"text-align: justify;\">Membres del jurat de la sisena edici\u00f3 del Premi Europeu Barcelona Ci\u00e8ncia Hip\u00e0tia, s\u00f3n les seg\u00fcents persones:<br \/>Jaume Bertranpetit Presid\u00e8ncia De com\u00fa acord entre l\u2019AE-BKH i el Departament de Ci\u00e8ncia i Universitats<br \/>Ada Ferrer, vocal, a proposta del Departament de Ci\u00e8ncia i Universitats<br \/>M\u00f2nica Rius, a proposta del Departament de Ci\u00e8ncia i Universitats<br \/>Martin Kahanec, vocal, a proposta de l\u2019AE-BKH i<br \/>Am\u00e8lia Polonia, vocal, a proposta de l\u2019AE-BKH<\/p>\n<p>[\/et_pb_text][\/et_pb_column][\/et_pb_row][\/et_pb_section]<\/p>\n","protected":false},"excerpt":{"rendered":"<p>Sisena Edici\u00f3 (2025) Barcelona concedir\u00e0 el VI Premi Hip\u00e0tia a l\u2019economista Philippe Aghion, recent guanyador del Premi Nobel d&#8217;Economia 2025. &nbsp; L\u2019Ajuntament de Barcelona atorgar\u00e0 el VI Premi Hip\u00e0tia a [&hellip;]<\/p>\n","protected":false},"author":1,"featured_media":0,"parent":7374,"menu_order":0,"comment_status":"closed","ping_status":"closed","template":"","meta":{"_et_pb_use_builder":"on","_et_pb_old_content":"","_et_gb_content_width":"","om_disable_all_campaigns":false,"_uf_show_specific_survey":0,"_uf_disable_surveys":false,"footnotes":""},"class_list":["post-4996","page","type-page","status-publish","hentry"],"aioseo_notices":[],"_links":{"self":[{"href":"https:\/\/aebarcelona.eu\/ca\/wp-json\/wp\/v2\/pages\/4996","targetHints":{"allow":["GET"]}}],"collection":[{"href":"https:\/\/aebarcelona.eu\/ca\/wp-json\/wp\/v2\/pages"}],"about":[{"href":"https:\/\/aebarcelona.eu\/ca\/wp-json\/wp\/v2\/types\/page"}],"author":[{"embeddable":true,"href":"https:\/\/aebarcelona.eu\/ca\/wp-json\/wp\/v2\/users\/1"}],"replies":[{"embeddable":true,"href":"https:\/\/aebarcelona.eu\/ca\/wp-json\/wp\/v2\/comments?post=4996"}],"version-history":[{"count":174,"href":"https:\/\/aebarcelona.eu\/ca\/wp-json\/wp\/v2\/pages\/4996\/revisions"}],"predecessor-version":[{"id":9561,"href":"https:\/\/aebarcelona.eu\/ca\/wp-json\/wp\/v2\/pages\/4996\/revisions\/9561"}],"up":[{"embeddable":true,"href":"https:\/\/aebarcelona.eu\/ca\/wp-json\/wp\/v2\/pages\/7374"}],"wp:attachment":[{"href":"https:\/\/aebarcelona.eu\/ca\/wp-json\/wp\/v2\/media?parent=4996"}],"curies":[{"name":"wp","href":"https:\/\/api.w.org\/{rel}","templated":true}]}}